{"id":1361577,"date":"2024-09-13T15:10:42","date_gmt":"2024-09-13T12:10:42","guid":{"rendered":"https:\/\/games.tactic.net\/tuote\/tiny-teamsterz-tumbling-tower-med-1-soft-bil\/"},"modified":"2025-12-16T10:25:15","modified_gmt":"2025-12-16T08:25:15","slug":"tiny-teamsterz-tumbling-tower-med-1-soft-bil","status":"archive","type":"product","link":"https:\/\/games.tactic.net\/da\/tuote\/tiny-teamsterz-tumbling-tower-med-1-soft-bil\/","title":{"rendered":"Tiny Teamsterz Tumbling Tower med 1 soft-bil"},"content":{"rendered":"<p>Tiny Teamsterz Tumbling Tower med 1 Tiny Teamsterz Tumbling k\u00f8ret\u00f8j! Har tip launcher p\u00e5 \u00f8verste niveau til &#8216;tumle&#8217; biler ned af t\u00e5rnet i aktion! Har 3 tumbling niveauer. Afrundet design der passer perfekt til sm\u00e5 h\u00e6nder Designet i lyse farver. Velegnet til b\u00f8rn fra 12 mdr. M\u00e5l: 42 L x 13.5 D x 30 cm H<\/p>\n<p>Grundlagt i 1952 er HTI en af Storbritanniens st\u00f8rste uafh\u00e6ngigt ejede designere og producenter af b\u00f8rneleget\u00f8j, med omfattende erfaring i levering til verdens store detailhandlere.<\/p>\n<p>Tiny Teamsterz er en serie af dejlige og farverige leget\u00f8j med soft biler og tilbeh\u00f8r til sm\u00e5 b\u00f8rn.<\/p>\n<p>Teamsterz tilbyder et omfattende udvalg af Die-cast k\u00f8ret\u00f8jer, garager og leges\u00e6t, lys- og biler med lyd samt banes\u00e6t. Sortimentet kombinerer skarpe prispunkter og kvalitet for at levere h\u00f8j detaljerigdom og stor legev\u00e6rdi. Temaer inkluderer racerbiler, n\u00f8dk\u00f8ret\u00f8jer, forhistoriske dinosaurer, bondeg\u00e5rdsliv, monstertrucks og mere.<\/p>\n","protected":false},"excerpt":{"rendered":"<p>Tiny Teamsterz Tumbling Tower + 1 bil<\/p>\n","protected":false},"featured_media":0,"template":"","meta":{"content-type":"","_monsterinsights_skip_tracking":false,"_monsterinsights_sitenote_active":false,"_monsterinsights_sitenote_note":"","_monsterinsights_sitenote_category":0},"product_brand":[],"product_cat":[1615],"product_tag":[],"brand":[],"target-group":[],"discontinued":[],"class_list":{"0":"post-1361577","1":"product","2":"type-product","3":"status-archive","5":"product_cat-teamsterz-legetoej","7":"first","8":"outofstock","9":"taxable","10":"shipping-taxable","11":"product-type-simple"},"aioseo_notices":[],"_links":{"self":[{"href":"https:\/\/games.tactic.net\/da\/wp-json\/wp\/v2\/product\/1361577","targetHints":{"allow":["GET"]}}],"collection":[{"href":"https:\/\/games.tactic.net\/da\/wp-json\/wp\/v2\/product"}],"about":[{"href":"https:\/\/games.tactic.net\/da\/wp-json\/wp\/v2\/types\/product"}],"wp:attachment":[{"href":"https:\/\/games.tactic.net\/da\/wp-json\/wp\/v2\/media?parent=1361577"}],"wp:term":[{"taxonomy":"product_brand","embeddable":true,"href":"https:\/\/games.tactic.net\/da\/wp-json\/wp\/v2\/product_brand?post=1361577"},{"taxonomy":"product_cat","embeddable":true,"href":"https:\/\/games.tactic.net\/da\/wp-json\/wp\/v2\/product_cat?post=1361577"},{"taxonomy":"product_tag","embeddable":true,"href":"https:\/\/games.tactic.net\/da\/wp-json\/wp\/v2\/product_tag?post=1361577"},{"taxonomy":"brand","embeddable":true,"href":"https:\/\/games.tactic.net\/da\/wp-json\/wp\/v2\/brand?post=1361577"},{"taxonomy":"target-group","embeddable":true,"href":"https:\/\/games.tactic.net\/da\/wp-json\/wp\/v2\/target-group?post=1361577"},{"taxonomy":"discontinued","embeddable":true,"href":"https:\/\/games.tactic.net\/da\/wp-json\/wp\/v2\/discontinued?post=1361577"}],"curies":[{"name":"wp","href":"https:\/\/api.w.org\/{rel}","templated":true}]}}