{"id":1361550,"date":"2024-09-12T13:09:31","date_gmt":"2024-09-12T10:09:31","guid":{"rendered":"https:\/\/games.tactic.net\/tuote\/tiny-teamsterz-beep-go-with-ls-toy-car\/"},"modified":"2025-12-17T10:45:56","modified_gmt":"2025-12-17T08:45:56","slug":"tiny-teamsterz-beep-go-with-ls-toy-car","status":"archive","type":"product","link":"https:\/\/games.tactic.net\/da\/tuote\/tiny-teamsterz-beep-go-with-ls-toy-car\/","title":{"rendered":"Tiny Teamsterz Beep  Go with LS toy car"},"content":{"rendered":"<p>K\u00f8ret\u00f8jer til f\u00f8rskoleb\u00f8rn med karakteransigt<br \/>\nHar en knap, der udl\u00f8ser sjov musik, realistiske lydeffekter og livlige melodier.<br \/>\nEt udvalg af 6 k\u00f8ret\u00f8jer at samle, herunder politi, ambulance, brandbil, autocamper, skraldebil og racerbil. Velegnet til b\u00f8rn fra 12 mdr.<br \/>\nDesignet i lyse prim\u00e6rfarver og med dekorationer, der er gode for f\u00f8rskoleb\u00f8rn.<\/p>\n<p>Grundlagt i 1952 er HTI en af Storbritanniens st\u00f8rste uafh\u00e6ngigt ejede designere og producenter af b\u00f8rneleget\u00f8j, med omfattende erfaring i levering til verdens store detailhandlere.<\/p>\n<p>Tiny Teamsterz er en serie af dejlige og farverige leget\u00f8j med soft biler og tilbeh\u00f8r til sm\u00e5 b\u00f8rn.<\/p>\n<p>Teamsterz tilbyder et omfattende udvalg af Die-cast k\u00f8ret\u00f8jer, garager og leges\u00e6t, lys- og biler med lyd samt banes\u00e6t. Sortimentet kombinerer skarpe prispunkter og kvalitet for at levere h\u00f8j detaljerigdom og stor legev\u00e6rdi. Temaer inkluderer racerbiler, n\u00f8dk\u00f8ret\u00f8jer, forhistoriske dinosaurer, bondeg\u00e5rdsliv, monstertrucks og mere.<\/p>\n","protected":false},"excerpt":{"rendered":"<p>Tiny Teamsterz Beep &amp; Go Asst.<\/p>\n","protected":false},"featured_media":0,"template":"","meta":{"content-type":"","_monsterinsights_skip_tracking":false,"_monsterinsights_sitenote_active":false,"_monsterinsights_sitenote_note":"","_monsterinsights_sitenote_category":0},"product_brand":[],"product_cat":[1615],"product_tag":[],"brand":[],"target-group":[],"discontinued":[],"class_list":{"0":"post-1361550","1":"product","2":"type-product","3":"status-archive","5":"product_cat-teamsterz-legetoej","7":"first","8":"outofstock","9":"taxable","10":"shipping-taxable","11":"product-type-simple"},"aioseo_notices":[],"_links":{"self":[{"href":"https:\/\/games.tactic.net\/da\/wp-json\/wp\/v2\/product\/1361550","targetHints":{"allow":["GET"]}}],"collection":[{"href":"https:\/\/games.tactic.net\/da\/wp-json\/wp\/v2\/product"}],"about":[{"href":"https:\/\/games.tactic.net\/da\/wp-json\/wp\/v2\/types\/product"}],"wp:attachment":[{"href":"https:\/\/games.tactic.net\/da\/wp-json\/wp\/v2\/media?parent=1361550"}],"wp:term":[{"taxonomy":"product_brand","embeddable":true,"href":"https:\/\/games.tactic.net\/da\/wp-json\/wp\/v2\/product_brand?post=1361550"},{"taxonomy":"product_cat","embeddable":true,"href":"https:\/\/games.tactic.net\/da\/wp-json\/wp\/v2\/product_cat?post=1361550"},{"taxonomy":"product_tag","embeddable":true,"href":"https:\/\/games.tactic.net\/da\/wp-json\/wp\/v2\/product_tag?post=1361550"},{"taxonomy":"brand","embeddable":true,"href":"https:\/\/games.tactic.net\/da\/wp-json\/wp\/v2\/brand?post=1361550"},{"taxonomy":"target-group","embeddable":true,"href":"https:\/\/games.tactic.net\/da\/wp-json\/wp\/v2\/target-group?post=1361550"},{"taxonomy":"discontinued","embeddable":true,"href":"https:\/\/games.tactic.net\/da\/wp-json\/wp\/v2\/discontinued?post=1361550"}],"curies":[{"name":"wp","href":"https:\/\/api.w.org\/{rel}","templated":true}]}}