{"id":1361548,"date":"2024-09-12T09:18:49","date_gmt":"2024-09-12T06:18:49","guid":{"rendered":"https:\/\/games.tactic.net\/tuote\/bruder-cat-wheel-loader-toy\/"},"modified":"2024-09-12T09:18:49","modified_gmt":"2024-09-12T06:18:49","slug":"bruder-cat-wheel-loader-toy","status":"publish","type":"product","link":"https:\/\/games.tactic.net\/da\/tuote\/bruder-cat-wheel-loader-toy\/","title":{"rendered":"Bruder CAT Wheel loader toy"},"content":{"rendered":"<p>Det nye BRUDER brandv\u00e6sen redningsk\u00f8ret\u00f8j er en \u00e6gte multifunktionel enhed til redningsaktioner. Dobbeltkahytten giver plads til op til 4 bworld brandm\u00e6nd. Den fuldt funktionelle vandkanon med vandtank og pumpe slukker enhver brand p\u00e5 ingen tid. Der er ogs\u00e5 en ekstra slange til yderligere slukningsoperationer. Dette alsidige k\u00f8ret\u00f8j kan udvides med et rydningsblad (varenr. 02581\/02582) eller et spil (varenr. 42545). For at afrunde dette detaljerede k\u00f8ret\u00f8j er bworld brandstationen (varenr. 62702) den ideelle tilf\u00f8jelse.<\/p>\n","protected":false},"excerpt":{"rendered":"<p>Cat Gravemaskine<\/p>\n","protected":false},"featured_media":0,"template":"","meta":{"content-type":"","_monsterinsights_skip_tracking":false,"_monsterinsights_sitenote_active":false,"_monsterinsights_sitenote_note":"","_monsterinsights_sitenote_category":0},"product_brand":[],"product_cat":[1498],"product_tag":[],"brand":[],"target-group":[],"discontinued":[],"class_list":{"0":"post-1361548","1":"product","2":"type-product","3":"status-publish","5":"product_cat-bruder-legetoej","7":"first","8":"instock","9":"taxable","10":"shipping-taxable","11":"product-type-simple"},"aioseo_notices":[],"_links":{"self":[{"href":"https:\/\/games.tactic.net\/da\/wp-json\/wp\/v2\/product\/1361548","targetHints":{"allow":["GET"]}}],"collection":[{"href":"https:\/\/games.tactic.net\/da\/wp-json\/wp\/v2\/product"}],"about":[{"href":"https:\/\/games.tactic.net\/da\/wp-json\/wp\/v2\/types\/product"}],"wp:attachment":[{"href":"https:\/\/games.tactic.net\/da\/wp-json\/wp\/v2\/media?parent=1361548"}],"wp:term":[{"taxonomy":"product_brand","embeddable":true,"href":"https:\/\/games.tactic.net\/da\/wp-json\/wp\/v2\/product_brand?post=1361548"},{"taxonomy":"product_cat","embeddable":true,"href":"https:\/\/games.tactic.net\/da\/wp-json\/wp\/v2\/product_cat?post=1361548"},{"taxonomy":"product_tag","embeddable":true,"href":"https:\/\/games.tactic.net\/da\/wp-json\/wp\/v2\/product_tag?post=1361548"},{"taxonomy":"brand","embeddable":true,"href":"https:\/\/games.tactic.net\/da\/wp-json\/wp\/v2\/brand?post=1361548"},{"taxonomy":"target-group","embeddable":true,"href":"https:\/\/games.tactic.net\/da\/wp-json\/wp\/v2\/target-group?post=1361548"},{"taxonomy":"discontinued","embeddable":true,"href":"https:\/\/games.tactic.net\/da\/wp-json\/wp\/v2\/discontinued?post=1361548"}],"curies":[{"name":"wp","href":"https:\/\/api.w.org\/{rel}","templated":true}]}}