{"id":1361510,"date":"2024-09-05T12:10:27","date_gmt":"2024-09-05T09:10:27","guid":{"rendered":"https:\/\/games.tactic.net\/tuote\/teamsterz-jcb-tough-trucks-wheel-loader-toy\/"},"modified":"2025-01-29T10:48:39","modified_gmt":"2025-01-29T08:48:39","slug":"teamsterz-jcb-tough-trucks-wheel-loader-toy","status":"archive","type":"product","link":"https:\/\/games.tactic.net\/da\/tuote\/teamsterz-jcb-tough-trucks-wheel-loader-toy\/","title":{"rendered":"Teamsterz JCB Tough Trucks Wheel Loader toy"},"content":{"rendered":"<p>Disse sp\u00e6ndende k\u00f8ret\u00f8jer repr\u00e6senterer JCB&#8217;s topmoderne og p\u00e5lidelige entrepren\u00f8rmaskiner, lige fra gravemaskiner til dumpere og mere.<\/p>\n<p>Grundlagt i 1952 er HTI en af Storbritanniens st\u00f8rste uafh\u00e6ngigt ejede designere og producenter af b\u00f8rneleget\u00f8j, med omfattende erfaring i levering til verdens store detailhandlere.<\/p>\n","protected":false},"excerpt":{"rendered":"<p>Disse sp\u00e6ndende k\u00f8ret\u00f8jer repr\u00e6senterer JCB&#8217;s topmoderne og p\u00e5lidelige entrepren\u00f8rmaskiner, lige fra gravemaskiner til dumpere og mere. Grundlagt i 1952 er HTI en af Storbritanniens st\u00f8rste uafh\u00e6ngigt ejede designere og producenter af b\u00f8rneleget\u00f8j, med omfattende erfaring i levering til verdens store detailhandlere.<\/p>\n","protected":false},"featured_media":0,"template":"","meta":{"content-type":"","_monsterinsights_skip_tracking":false,"_monsterinsights_sitenote_active":false,"_monsterinsights_sitenote_note":"","_monsterinsights_sitenote_category":0},"product_brand":[],"product_cat":[1617],"product_tag":[],"brand":[],"target-group":[],"discontinued":[],"class_list":{"0":"post-1361510","1":"product","2":"type-product","3":"status-archive","5":"product_cat-jcb-legetoej","7":"first","8":"outofstock","9":"taxable","10":"shipping-taxable","11":"product-type-simple"},"aioseo_notices":[],"_links":{"self":[{"href":"https:\/\/games.tactic.net\/da\/wp-json\/wp\/v2\/product\/1361510","targetHints":{"allow":["GET"]}}],"collection":[{"href":"https:\/\/games.tactic.net\/da\/wp-json\/wp\/v2\/product"}],"about":[{"href":"https:\/\/games.tactic.net\/da\/wp-json\/wp\/v2\/types\/product"}],"wp:attachment":[{"href":"https:\/\/games.tactic.net\/da\/wp-json\/wp\/v2\/media?parent=1361510"}],"wp:term":[{"taxonomy":"product_brand","embeddable":true,"href":"https:\/\/games.tactic.net\/da\/wp-json\/wp\/v2\/product_brand?post=1361510"},{"taxonomy":"product_cat","embeddable":true,"href":"https:\/\/games.tactic.net\/da\/wp-json\/wp\/v2\/product_cat?post=1361510"},{"taxonomy":"product_tag","embeddable":true,"href":"https:\/\/games.tactic.net\/da\/wp-json\/wp\/v2\/product_tag?post=1361510"},{"taxonomy":"brand","embeddable":true,"href":"https:\/\/games.tactic.net\/da\/wp-json\/wp\/v2\/brand?post=1361510"},{"taxonomy":"target-group","embeddable":true,"href":"https:\/\/games.tactic.net\/da\/wp-json\/wp\/v2\/target-group?post=1361510"},{"taxonomy":"discontinued","embeddable":true,"href":"https:\/\/games.tactic.net\/da\/wp-json\/wp\/v2\/discontinued?post=1361510"}],"curies":[{"name":"wp","href":"https:\/\/api.w.org\/{rel}","templated":true}]}}