{"id":1361504,"date":"2024-09-05T10:16:24","date_gmt":"2024-09-05T07:16:24","guid":{"rendered":"https:\/\/games.tactic.net\/tuote\/lumo-stars-dino-t-rex-baby-mini-plush\/"},"modified":"2024-09-05T10:16:24","modified_gmt":"2024-09-05T07:16:24","slug":"lumo-stars-dino-t-rex-baby-mini-plush","status":"publish","type":"product","link":"https:\/\/games.tactic.net\/da\/tuote\/lumo-stars-dino-t-rex-baby-mini-plush\/","title":{"rendered":"Lumo Stars Dino T-Rex Baby mini plush"},"content":{"rendered":"<p>8,5 cm. Glad, huggable, venlig, rar og s\u00f8d. Vi smiler mere! Finsk design.  www.lumostars.com<\/p>\n<p>Wild Lumo Stars Dino bl\u00f8de leget\u00f8j er kommet for at tilf\u00f8je sp\u00e6nding til b\u00f8rns leg. Produktserien omfatter de mest popul\u00e6re dinosaurer.<\/p>\n<p>Lumo Stars er en kollektion af krammevenlige og helt uimodst\u00e5elige plysdyr. De er vidunderlige venner at lege med, hver med deres egen personlighed og udseende. Plysdyrene f\u00e5s i forskellige st\u00f8rrelser og har smukke farver inspireret af nordisk natur.<\/p>\n","protected":false},"excerpt":{"rendered":"<p>8,5 cm. Glad, huggable, venlig, rar og s\u00f8d. Vi smiler mere! Finsk design. www.lumostars.com Wild Lumo Stars Dino bl\u00f8de leget\u00f8j er kommet for at tilf\u00f8je sp\u00e6nding til b\u00f8rns leg. Produktserien omfatter de mest popul\u00e6re dinosaurer. Lumo Stars er en kollektion af krammevenlige og helt uimodst\u00e5elige plysdyr. De er vidunderlige venner at lege med, hver med [&hellip;]<\/p>\n","protected":false},"featured_media":0,"template":"","meta":{"content-type":"","_monsterinsights_skip_tracking":false,"_monsterinsights_sitenote_active":false,"_monsterinsights_sitenote_note":"","_monsterinsights_sitenote_category":0},"product_brand":[],"product_cat":[1642],"product_tag":[491],"brand":[{"id":1020,"name":"Lumo Stars","slug":"lumo-stars_dk"}],"target-group":[],"discontinued":[],"class_list":{"0":"post-1361504","1":"product","2":"type-product","3":"status-publish","5":"product_cat-mini-bamser-lumo-stars-6","6":"product_tag-lumo-stars","7":"brand-lumo-stars_dk","9":"first","10":"instock","11":"taxable","12":"shipping-taxable","13":"product-type-simple"},"aioseo_notices":[],"_links":{"self":[{"href":"https:\/\/games.tactic.net\/da\/wp-json\/wp\/v2\/product\/1361504","targetHints":{"allow":["GET"]}}],"collection":[{"href":"https:\/\/games.tactic.net\/da\/wp-json\/wp\/v2\/product"}],"about":[{"href":"https:\/\/games.tactic.net\/da\/wp-json\/wp\/v2\/types\/product"}],"wp:attachment":[{"href":"https:\/\/games.tactic.net\/da\/wp-json\/wp\/v2\/media?parent=1361504"}],"wp:term":[{"taxonomy":"product_brand","embeddable":true,"href":"https:\/\/games.tactic.net\/da\/wp-json\/wp\/v2\/product_brand?post=1361504"},{"taxonomy":"product_cat","embeddable":true,"href":"https:\/\/games.tactic.net\/da\/wp-json\/wp\/v2\/product_cat?post=1361504"},{"taxonomy":"product_tag","embeddable":true,"href":"https:\/\/games.tactic.net\/da\/wp-json\/wp\/v2\/product_tag?post=1361504"},{"taxonomy":"brand","embeddable":true,"href":"https:\/\/games.tactic.net\/da\/wp-json\/wp\/v2\/brand?post=1361504"},{"taxonomy":"target-group","embeddable":true,"href":"https:\/\/games.tactic.net\/da\/wp-json\/wp\/v2\/target-group?post=1361504"},{"taxonomy":"discontinued","embeddable":true,"href":"https:\/\/games.tactic.net\/da\/wp-json\/wp\/v2\/discontinued?post=1361504"}],"curies":[{"name":"wp","href":"https:\/\/api.w.org\/{rel}","templated":true}]}}