{"id":1361500,"date":"2024-09-05T10:15:54","date_gmt":"2024-09-05T07:15:54","guid":{"rendered":"https:\/\/games.tactic.net\/tuote\/lumo-stars-owl-stella-big-plush\/"},"modified":"2024-09-05T10:15:54","modified_gmt":"2024-09-05T07:15:54","slug":"lumo-stars-owl-stella-big-plush","status":"publish","type":"product","link":"https:\/\/games.tactic.net\/da\/tuote\/lumo-stars-owl-stella-big-plush\/","title":{"rendered":"Lumo Stars Owl Stella big plush"},"content":{"rendered":"<p>24 plys. Glad, huggable, venlig, rar og s\u00f8d. Vi smiler mere! Finsk design.  www.lumostars.com<\/p>\n<p>Lumo Stars Big er en produktlinje fyldt med s\u00f8de og krammevenlige plysser med livlige farver og bed\u00e5rende designs.<\/p>\n<p>Lumo Stars er en kollektion af krammevenlige og helt uimodst\u00e5elige plysdyr. De er vidunderlige venner at lege med, hver med deres egen personlighed og udseende. Plysdyrene f\u00e5s i forskellige st\u00f8rrelser og har smukke farver inspireret af nordisk natur.<\/p>\n","protected":false},"excerpt":{"rendered":"<p>24 plys. Glad, huggable, venlig, rar og s\u00f8d. Vi smiler mere! Finsk design. www.lumostars.com Lumo Stars Big er en produktlinje fyldt med s\u00f8de og krammevenlige plysser med livlige farver og bed\u00e5rende designs. Lumo Stars er en kollektion af krammevenlige og helt uimodst\u00e5elige plysdyr. De er vidunderlige venner at lege med, hver med deres egen personlighed [&hellip;]<\/p>\n","protected":false},"featured_media":0,"template":"","meta":{"content-type":"","_monsterinsights_skip_tracking":false,"_monsterinsights_sitenote_active":false,"_monsterinsights_sitenote_note":"","_monsterinsights_sitenote_category":0},"product_brand":[],"product_cat":[1641],"product_tag":[],"brand":[],"target-group":[],"discontinued":[],"class_list":{"0":"post-1361500","1":"product","2":"type-product","3":"status-publish","5":"product_cat-big-bamser-lumo-stars-6","7":"first","8":"instock","9":"taxable","10":"shipping-taxable","11":"product-type-simple"},"aioseo_notices":[],"_links":{"self":[{"href":"https:\/\/games.tactic.net\/da\/wp-json\/wp\/v2\/product\/1361500","targetHints":{"allow":["GET"]}}],"collection":[{"href":"https:\/\/games.tactic.net\/da\/wp-json\/wp\/v2\/product"}],"about":[{"href":"https:\/\/games.tactic.net\/da\/wp-json\/wp\/v2\/types\/product"}],"wp:attachment":[{"href":"https:\/\/games.tactic.net\/da\/wp-json\/wp\/v2\/media?parent=1361500"}],"wp:term":[{"taxonomy":"product_brand","embeddable":true,"href":"https:\/\/games.tactic.net\/da\/wp-json\/wp\/v2\/product_brand?post=1361500"},{"taxonomy":"product_cat","embeddable":true,"href":"https:\/\/games.tactic.net\/da\/wp-json\/wp\/v2\/product_cat?post=1361500"},{"taxonomy":"product_tag","embeddable":true,"href":"https:\/\/games.tactic.net\/da\/wp-json\/wp\/v2\/product_tag?post=1361500"},{"taxonomy":"brand","embeddable":true,"href":"https:\/\/games.tactic.net\/da\/wp-json\/wp\/v2\/brand?post=1361500"},{"taxonomy":"target-group","embeddable":true,"href":"https:\/\/games.tactic.net\/da\/wp-json\/wp\/v2\/target-group?post=1361500"},{"taxonomy":"discontinued","embeddable":true,"href":"https:\/\/games.tactic.net\/da\/wp-json\/wp\/v2\/discontinued?post=1361500"}],"curies":[{"name":"wp","href":"https:\/\/api.w.org\/{rel}","templated":true}]}}