{"id":1361494,"date":"2024-09-05T10:15:17","date_gmt":"2024-09-05T07:15:17","guid":{"rendered":"https:\/\/games.tactic.net\/tuote\/lumo-stars-get-well-brown-bear-with-syringe-plush\/"},"modified":"2024-09-05T10:15:17","modified_gmt":"2024-09-05T07:15:17","slug":"lumo-stars-get-well-brown-bear-with-syringe-plush","status":"publish","type":"product","link":"https:\/\/games.tactic.net\/da\/tuote\/lumo-stars-get-well-brown-bear-with-syringe-plush\/","title":{"rendered":"Lumo Stars Get Well Brown Bear with syringe plush"},"content":{"rendered":"<p>Classic 15 cm plys. Glad, huggable, venlig, rar og s\u00f8d. Vi smiler mere! Finsk design.  www.lumostars.com<\/p>\n<p>Lumo Stars tilbyder et bredt udvalg af s\u00f8de og engagerende b\u00f8ger (inklusive maleb\u00f8ger, aktivitetsb\u00f8ger og fort\u00e6llingsb\u00f8ger) samt puslespil.<\/p>\n<p>Lumo Stars er en kollektion af krammevenlige og helt uimodst\u00e5elige plysdyr. De er vidunderlige venner at lege med, hver med deres egen personlighed og udseende. Plysdyrene f\u00e5s i forskellige st\u00f8rrelser og har smukke farver inspireret af nordisk natur.<\/p>\n","protected":false},"excerpt":{"rendered":"<p>Classic 15 cm plys. Glad, huggable, venlig, rar og s\u00f8d. Vi smiler mere! Finsk design. www.lumostars.com Lumo Stars tilbyder et bredt udvalg af s\u00f8de og engagerende b\u00f8ger (inklusive maleb\u00f8ger, aktivitetsb\u00f8ger og fort\u00e6llingsb\u00f8ger) samt puslespil. Lumo Stars er en kollektion af krammevenlige og helt uimodst\u00e5elige plysdyr. De er vidunderlige venner at lege med, hver med deres [&hellip;]<\/p>\n","protected":false},"featured_media":0,"template":"","meta":{"content-type":"","_monsterinsights_skip_tracking":false,"_monsterinsights_sitenote_active":false,"_monsterinsights_sitenote_note":"","_monsterinsights_sitenote_category":0},"product_brand":[],"product_cat":[1640],"product_tag":[],"brand":[{"id":1020,"name":"Lumo Stars","slug":"lumo-stars_dk"}],"target-group":[],"discontinued":[],"class_list":{"0":"post-1361494","1":"product","2":"type-product","3":"status-publish","5":"product_cat-classic-bamser-lumo-stars-6","6":"brand-lumo-stars_dk","8":"first","9":"instock","10":"taxable","11":"shipping-taxable","12":"product-type-simple"},"aioseo_notices":[],"_links":{"self":[{"href":"https:\/\/games.tactic.net\/da\/wp-json\/wp\/v2\/product\/1361494","targetHints":{"allow":["GET"]}}],"collection":[{"href":"https:\/\/games.tactic.net\/da\/wp-json\/wp\/v2\/product"}],"about":[{"href":"https:\/\/games.tactic.net\/da\/wp-json\/wp\/v2\/types\/product"}],"wp:attachment":[{"href":"https:\/\/games.tactic.net\/da\/wp-json\/wp\/v2\/media?parent=1361494"}],"wp:term":[{"taxonomy":"product_brand","embeddable":true,"href":"https:\/\/games.tactic.net\/da\/wp-json\/wp\/v2\/product_brand?post=1361494"},{"taxonomy":"product_cat","embeddable":true,"href":"https:\/\/games.tactic.net\/da\/wp-json\/wp\/v2\/product_cat?post=1361494"},{"taxonomy":"product_tag","embeddable":true,"href":"https:\/\/games.tactic.net\/da\/wp-json\/wp\/v2\/product_tag?post=1361494"},{"taxonomy":"brand","embeddable":true,"href":"https:\/\/games.tactic.net\/da\/wp-json\/wp\/v2\/brand?post=1361494"},{"taxonomy":"target-group","embeddable":true,"href":"https:\/\/games.tactic.net\/da\/wp-json\/wp\/v2\/target-group?post=1361494"},{"taxonomy":"discontinued","embeddable":true,"href":"https:\/\/games.tactic.net\/da\/wp-json\/wp\/v2\/discontinued?post=1361494"}],"curies":[{"name":"wp","href":"https:\/\/api.w.org\/{rel}","templated":true}]}}