{"id":1361408,"date":"2024-08-28T15:09:30","date_gmt":"2024-08-28T12:09:30","guid":{"rendered":"https:\/\/games.tactic.net\/tuote\/tactic-bad-people\/"},"modified":"2024-11-15T13:58:56","modified_gmt":"2024-11-15T11:58:56","slug":"tactic-bad-people","status":"publish","type":"product","link":"https:\/\/games.tactic.net\/da\/tuote\/tactic-bad-people\/","title":{"rendered":"Tactic Bad People"},"content":{"rendered":"<p>Bad People&#8221; er et festspil, der handler om at afsl\u00f8re og diskutere de m\u00f8rkere sider af dine venner og familie p\u00e5 en sjov og underholdende m\u00e5de. Spillet er designet til at skabe latter og samtaler om emner, man m\u00e5ske normalt ikke ville tale om. Her er en kort oversigt over, hvordan spillet fungerer:<br \/>\n1. Ops\u00e6tning:<br \/>\nSpillet kr\u00e6ver mindst tre spillere, men jo flere, jo bedre.<br \/>\nHver spiller f\u00e5r et s\u00e6t stemmekort med billeder af de andre spillere.<br \/>\nDer er ogs\u00e5 en &#8220;Dictator Card&#8221; og en r\u00e6kke sp\u00f8rgsm\u00e5lskort.<br \/>\n2. Gameplay:<br \/>\nEn spiller v\u00e6lges som &#8220;Dictator&#8221; i hver runde. Denne rolle roterer efter hver runde.<br \/>\nDictatoren tr\u00e6kker et sp\u00f8rgsm\u00e5lskort og l\u00e6ser det h\u00f8jt for gruppen. Sp\u00f8rgsm\u00e5lene er designet til at v\u00e6re sjove og provokerende, for eksempel: &#8220;Hvem ville v\u00e6re mest tilb\u00f8jelig til at stj\u00e6le fra en velg\u00f8renhed?&#8221;.<br \/>\nSpillerne stemmer anonymt ved at placere det stemmekort, der repr\u00e6senterer den person, de tror, passer bedst til sp\u00f8rgsm\u00e5let, med billedsiden nedad foran Dictatoren.<br \/>\nDictatoren g\u00e6tter, hvem de tror, der har f\u00e5et flest stemmer for sp\u00f8rgsm\u00e5let.<br \/>\nN\u00e5r alle har stemt, afsl\u00f8res stemmerne, og point tildeles baseret p\u00e5 hvor mange der stemte p\u00e5 samme person som Dictatoren g\u00e6ttede.<br \/>\n3. Vinderen:<br \/>\nSpillet forts\u00e6tter i en r\u00e6kke runder, og pointene t\u00e6lles sammen efter hver runde.<br \/>\nVinderen er den spiller, der har f\u00e5et flest point ved spillets slutning.<br \/>\n&#8220;Bad People&#8221; er et socialt spil, der kan v\u00e6re b\u00e5de afsl\u00f8rende og hylende morsomt, men det kr\u00e6ver, at spillerne er komfortable med hinanden og kan tage spillet med et gran salt. Det er bedst egnet til voksne, da indholdet kan v\u00e6re ret kontroversielt og provokerende.<\/p>\n","protected":false},"excerpt":{"rendered":"<p>BAD PEOPLE &#8211; Find ud af hvad dine venner VIRKELIG mener om dig<\/p>\n","protected":false},"featured_media":0,"template":"","meta":{"content-type":"","_monsterinsights_skip_tracking":false,"_monsterinsights_sitenote_active":false,"_monsterinsights_sitenote_note":"","_monsterinsights_sitenote_category":0},"product_brand":[],"product_cat":[1582],"product_tag":[969],"brand":[],"target-group":[],"discontinued":[],"class_list":{"0":"post-1361408","1":"product","2":"type-product","3":"status-publish","5":"product_cat-selskabsspil-voksenspil","6":"product_tag-tidsfordriv-2","8":"first","9":"instock","10":"taxable","11":"shipping-taxable","12":"product-type-simple"},"aioseo_notices":[],"_links":{"self":[{"href":"https:\/\/games.tactic.net\/da\/wp-json\/wp\/v2\/product\/1361408","targetHints":{"allow":["GET"]}}],"collection":[{"href":"https:\/\/games.tactic.net\/da\/wp-json\/wp\/v2\/product"}],"about":[{"href":"https:\/\/games.tactic.net\/da\/wp-json\/wp\/v2\/types\/product"}],"wp:attachment":[{"href":"https:\/\/games.tactic.net\/da\/wp-json\/wp\/v2\/media?parent=1361408"}],"wp:term":[{"taxonomy":"product_brand","embeddable":true,"href":"https:\/\/games.tactic.net\/da\/wp-json\/wp\/v2\/product_brand?post=1361408"},{"taxonomy":"product_cat","embeddable":true,"href":"https:\/\/games.tactic.net\/da\/wp-json\/wp\/v2\/product_cat?post=1361408"},{"taxonomy":"product_tag","embeddable":true,"href":"https:\/\/games.tactic.net\/da\/wp-json\/wp\/v2\/product_tag?post=1361408"},{"taxonomy":"brand","embeddable":true,"href":"https:\/\/games.tactic.net\/da\/wp-json\/wp\/v2\/brand?post=1361408"},{"taxonomy":"target-group","embeddable":true,"href":"https:\/\/games.tactic.net\/da\/wp-json\/wp\/v2\/target-group?post=1361408"},{"taxonomy":"discontinued","embeddable":true,"href":"https:\/\/games.tactic.net\/da\/wp-json\/wp\/v2\/discontinued?post=1361408"}],"curies":[{"name":"wp","href":"https:\/\/api.w.org\/{rel}","templated":true}]}}