{"id":1361258,"date":"2024-08-20T11:08:59","date_gmt":"2024-08-20T08:08:59","guid":{"rendered":"https:\/\/games.tactic.net\/tuote\/tactic-puzzle-lovers-vintage-posters-venice-1000-pcs-puzzle\/"},"modified":"2024-08-20T11:08:59","modified_gmt":"2024-08-20T08:08:59","slug":"tactic-puzzle-lovers-vintage-posters-venice-1000-pcs-puzzle","status":"publish","type":"product","link":"https:\/\/games.tactic.net\/da\/tuote\/tactic-puzzle-lovers-vintage-posters-venice-1000-pcs-puzzle\/","title":{"rendered":"Tactic Puzzle Lovers Vintage Posters Venice 1000 pcs puzzle"},"content":{"rendered":"<p>Puzzle Lovers 1000 er en serie af sjove puslespil til b\u00e5de ivrige begyndere og \u00e6gte pusleelskere. Hvert puslespil best\u00e5r af 1000 brikker af h\u00f8j kvalitet.<\/p>\n<p>Puzzle Lovers har noget for enhver puslespilsentusiast, lige fra dedikerede hobbyister til ivrige begyndere og b\u00f8rn. De kvalitetsfulde puslespil indeholder smukke landskaber, fascinerende steder fra hele verden, imponerende dyr, s\u00e6rlige nordiske og s\u00e6sonbetonede temaer og meget mere.<\/p>\n","protected":false},"excerpt":{"rendered":"<p>Puzzle Lovers 1000 er en serie af sjove puslespil til b\u00e5de ivrige begyndere og \u00e6gte pusleelskere. Hvert puslespil best\u00e5r af 1000 brikker af h\u00f8j kvalitet. Puzzle Lovers har noget for enhver puslespilsentusiast, lige fra dedikerede hobbyister til ivrige begyndere og b\u00f8rn. De kvalitetsfulde puslespil indeholder smukke landskaber, fascinerende steder fra hele verden, imponerende dyr, s\u00e6rlige [&hellip;]<\/p>\n","protected":false},"featured_media":0,"template":"","meta":{"content-type":"","_monsterinsights_skip_tracking":false,"_monsterinsights_sitenote_active":false,"_monsterinsights_sitenote_note":"","_monsterinsights_sitenote_category":0},"product_brand":[],"product_cat":[946],"product_tag":[],"brand":[],"target-group":[],"discontinued":[],"class_list":{"0":"post-1361258","1":"product","2":"type-product","3":"status-publish","5":"product_cat-1000-brikker-2","7":"first","8":"instock","9":"taxable","10":"shipping-taxable","11":"product-type-simple"},"aioseo_notices":[],"_links":{"self":[{"href":"https:\/\/games.tactic.net\/da\/wp-json\/wp\/v2\/product\/1361258","targetHints":{"allow":["GET"]}}],"collection":[{"href":"https:\/\/games.tactic.net\/da\/wp-json\/wp\/v2\/product"}],"about":[{"href":"https:\/\/games.tactic.net\/da\/wp-json\/wp\/v2\/types\/product"}],"wp:attachment":[{"href":"https:\/\/games.tactic.net\/da\/wp-json\/wp\/v2\/media?parent=1361258"}],"wp:term":[{"taxonomy":"product_brand","embeddable":true,"href":"https:\/\/games.tactic.net\/da\/wp-json\/wp\/v2\/product_brand?post=1361258"},{"taxonomy":"product_cat","embeddable":true,"href":"https:\/\/games.tactic.net\/da\/wp-json\/wp\/v2\/product_cat?post=1361258"},{"taxonomy":"product_tag","embeddable":true,"href":"https:\/\/games.tactic.net\/da\/wp-json\/wp\/v2\/product_tag?post=1361258"},{"taxonomy":"brand","embeddable":true,"href":"https:\/\/games.tactic.net\/da\/wp-json\/wp\/v2\/brand?post=1361258"},{"taxonomy":"target-group","embeddable":true,"href":"https:\/\/games.tactic.net\/da\/wp-json\/wp\/v2\/target-group?post=1361258"},{"taxonomy":"discontinued","embeddable":true,"href":"https:\/\/games.tactic.net\/da\/wp-json\/wp\/v2\/discontinued?post=1361258"}],"curies":[{"name":"wp","href":"https:\/\/api.w.org\/{rel}","templated":true}]}}