{"id":1361248,"date":"2024-08-16T08:09:57","date_gmt":"2024-08-16T05:09:57","guid":{"rendered":"https:\/\/games.tactic.net\/tuote\/bruder-mercedez-benz-sprinter-fire-engine-with-ls-toy\/"},"modified":"2024-08-16T08:09:57","modified_gmt":"2024-08-16T05:09:57","slug":"bruder-mercedez-benz-sprinter-fire-engine-with-ls-toy","status":"publish","type":"product","link":"https:\/\/games.tactic.net\/da\/tuote\/bruder-mercedez-benz-sprinter-fire-engine-with-ls-toy\/","title":{"rendered":"Bruder Mercedes-Benz Sprinter Fire Engine with L&#038;S toy"},"content":{"rendered":"<p>Ser frem ad, effektiv, p\u00e5lidelig \u2013 s\u00e5dan beskriver Mercedes Benz den nye Sprinter. Selv i den seneste generation forbliver den, den alsidige og popul\u00e6re professionelle transport k\u00f8ret\u00f8j. De seneste Sprintere er ankommet i en lang r\u00e6kke versioner i BRUDERs omfattende sortiment.<br \/>\nDet nye BRUDER brandv\u00e6sen redningsk\u00f8ret\u00f8j er en \u00e6gte multifunktionel enhed til redningsaktioner. Dobbeltkahytten giver plads til op til 4 bworld brandm\u00e6nd. Den fuldt funktionelle vandkanon med vandtank og pumpe slukker enhver brand p\u00e5 ingen tid. Der er ogs\u00e5 en ekstra slange til yderligere slukningsoperationer. Vi kan anbefale at tilk\u00f8be f\u00f8lgende produkter. bworld brandstationen (varenr. 62702). Et rydningsblad (varenr. 02581\/02582) og et &#8220;spil&#8221; (varenr. 42545). <\/p>\n","protected":false},"excerpt":{"rendered":"<p>Bruder Mercedez-Benz Sprinter Brandbil med lys og lyd<\/p>\n","protected":false},"featured_media":0,"template":"","meta":{"content-type":"","_monsterinsights_skip_tracking":false,"_monsterinsights_sitenote_active":false,"_monsterinsights_sitenote_note":"","_monsterinsights_sitenote_category":0},"product_brand":[],"product_cat":[1498],"product_tag":[],"brand":[],"target-group":[],"discontinued":[],"class_list":{"0":"post-1361248","1":"product","2":"type-product","3":"status-publish","5":"product_cat-bruder-legetoej","7":"first","8":"outofstock","9":"taxable","10":"shipping-taxable","11":"product-type-simple"},"aioseo_notices":[],"_links":{"self":[{"href":"https:\/\/games.tactic.net\/da\/wp-json\/wp\/v2\/product\/1361248","targetHints":{"allow":["GET"]}}],"collection":[{"href":"https:\/\/games.tactic.net\/da\/wp-json\/wp\/v2\/product"}],"about":[{"href":"https:\/\/games.tactic.net\/da\/wp-json\/wp\/v2\/types\/product"}],"wp:attachment":[{"href":"https:\/\/games.tactic.net\/da\/wp-json\/wp\/v2\/media?parent=1361248"}],"wp:term":[{"taxonomy":"product_brand","embeddable":true,"href":"https:\/\/games.tactic.net\/da\/wp-json\/wp\/v2\/product_brand?post=1361248"},{"taxonomy":"product_cat","embeddable":true,"href":"https:\/\/games.tactic.net\/da\/wp-json\/wp\/v2\/product_cat?post=1361248"},{"taxonomy":"product_tag","embeddable":true,"href":"https:\/\/games.tactic.net\/da\/wp-json\/wp\/v2\/product_tag?post=1361248"},{"taxonomy":"brand","embeddable":true,"href":"https:\/\/games.tactic.net\/da\/wp-json\/wp\/v2\/brand?post=1361248"},{"taxonomy":"target-group","embeddable":true,"href":"https:\/\/games.tactic.net\/da\/wp-json\/wp\/v2\/target-group?post=1361248"},{"taxonomy":"discontinued","embeddable":true,"href":"https:\/\/games.tactic.net\/da\/wp-json\/wp\/v2\/discontinued?post=1361248"}],"curies":[{"name":"wp","href":"https:\/\/api.w.org\/{rel}","templated":true}]}}