{"id":1361247,"date":"2024-08-16T08:09:43","date_gmt":"2024-08-16T05:09:43","guid":{"rendered":"https:\/\/games.tactic.net\/tuote\/bruder-mercedez-benz-sprinter-police-vehicle-with-police-officer-toy\/"},"modified":"2024-10-22T16:01:20","modified_gmt":"2024-10-22T13:01:20","slug":"bruder-mercedez-benz-sprinter-police-vehicle-with-police-officer-toy","status":"publish","type":"product","link":"https:\/\/games.tactic.net\/da\/tuote\/bruder-mercedez-benz-sprinter-police-vehicle-with-police-officer-toy\/","title":{"rendered":"Bruder Mercedes-Benz Sprinter Police vehicle with police officer toy"},"content":{"rendered":"<p>MB Sprinter \u00e5bner op for n\u00e6sten ubegr\u00e6nsede anvendelsesmuligheder med en r\u00e6kke varianter. Dette k\u00f8ret\u00f8j er ogs\u00e5 popul\u00e6rt hos politiet og er regelm\u00e6ssigt involveret i en lang r\u00e6kke operationer. Ny for BRUDER-politistyrkerne er MB Sprinter-politiets udrykningsk\u00f8ret\u00f8j. Med det omfattende udstyr, herunder bworld politibetjent, kan en r\u00e6kke forskellige politioperationer genskabes, lige fra trafikkontrol til efters\u00f8gnings- og redningsaktioner. Om n\u00f8dvendigt kan mist\u00e6nkelige personer ogs\u00e5 blive varet\u00e6gtsf\u00e6ngslet i en separat celle. Som en udvidelse til dette omfattende udstyrede k\u00f8ret\u00f8j passer bworld politistationen (varenr. 62732) perfekt.<\/p>\n","protected":false},"excerpt":{"rendered":"<p>Bruder Mercedez-Benz Sprinter Politi k\u00f8ret\u00f8j med  politimand<\/p>\n","protected":false},"featured_media":0,"template":"","meta":{"content-type":"","_monsterinsights_skip_tracking":false,"_monsterinsights_sitenote_active":false,"_monsterinsights_sitenote_note":"","_monsterinsights_sitenote_category":0},"product_brand":[],"product_cat":[1498],"product_tag":[],"brand":[],"target-group":[],"discontinued":[],"class_list":{"0":"post-1361247","1":"product","2":"type-product","3":"status-publish","5":"product_cat-bruder-legetoej","7":"first","8":"instock","9":"taxable","10":"shipping-taxable","11":"product-type-simple"},"aioseo_notices":[],"_links":{"self":[{"href":"https:\/\/games.tactic.net\/da\/wp-json\/wp\/v2\/product\/1361247","targetHints":{"allow":["GET"]}}],"collection":[{"href":"https:\/\/games.tactic.net\/da\/wp-json\/wp\/v2\/product"}],"about":[{"href":"https:\/\/games.tactic.net\/da\/wp-json\/wp\/v2\/types\/product"}],"wp:attachment":[{"href":"https:\/\/games.tactic.net\/da\/wp-json\/wp\/v2\/media?parent=1361247"}],"wp:term":[{"taxonomy":"product_brand","embeddable":true,"href":"https:\/\/games.tactic.net\/da\/wp-json\/wp\/v2\/product_brand?post=1361247"},{"taxonomy":"product_cat","embeddable":true,"href":"https:\/\/games.tactic.net\/da\/wp-json\/wp\/v2\/product_cat?post=1361247"},{"taxonomy":"product_tag","embeddable":true,"href":"https:\/\/games.tactic.net\/da\/wp-json\/wp\/v2\/product_tag?post=1361247"},{"taxonomy":"brand","embeddable":true,"href":"https:\/\/games.tactic.net\/da\/wp-json\/wp\/v2\/brand?post=1361247"},{"taxonomy":"target-group","embeddable":true,"href":"https:\/\/games.tactic.net\/da\/wp-json\/wp\/v2\/target-group?post=1361247"},{"taxonomy":"discontinued","embeddable":true,"href":"https:\/\/games.tactic.net\/da\/wp-json\/wp\/v2\/discontinued?post=1361247"}],"curies":[{"name":"wp","href":"https:\/\/api.w.org\/{rel}","templated":true}]}}