{"id":1361246,"date":"2024-08-16T08:09:33","date_gmt":"2024-08-16T05:09:33","guid":{"rendered":"https:\/\/games.tactic.net\/tuote\/bruder-lemken-koralin-9-cultivator-toy\/"},"modified":"2024-08-16T08:09:33","modified_gmt":"2024-08-16T05:09:33","slug":"bruder-lemken-koralin-9-cultivator-toy","status":"publish","type":"product","link":"https:\/\/games.tactic.net\/da\/tuote\/bruder-lemken-koralin-9-cultivator-toy\/","title":{"rendered":"Bruder Lemken Koralin 9 kultivator leget\u00f8j"},"content":{"rendered":"<p>Landbruget skal tilpasse sig udfordringer som mindre nedb\u00f8r og mere t\u00f8rke. Koralin-kultivatoren tilbyder en alsidig, sk\u00e5nsom jordbearbejdning. Denne topmoderne markmaskine er ny i BRUDERs landbrugsverden i skala 1:16. En vippe p\u00e5 chassiset skifter mellem transport- og arbejdsposition. Store sideelementer med detaljerede vinduer og tandsektioner kan foldes op til transport. Sl\u00e5et ned viser de \u2013 sammen med fungerende halmtryksruller og t\u00e6nder som p\u00e5 originalen \u2013 redskabets imponerende st\u00f8rrelse. Perfekt match til BRUDERs traktorer i 3000- og 4000-serien. Bruder er en tysk familievirksomhed fra 1926, kendt for sikre kvalitetsleget\u00f8j, hovedsageligt fremstillet i Tyskland.<\/p>\n","protected":false},"excerpt":{"rendered":"<p>Lemken Koralin kultivator giver en alsidig l\u00f8sning til sk\u00e5nsom jordbearbejdning. BRUDER udgave i skala 1:16.<\/p>\n","protected":false},"featured_media":0,"template":"","meta":{"content-type":"","_monsterinsights_skip_tracking":false,"_monsterinsights_sitenote_active":false,"_monsterinsights_sitenote_note":"","_monsterinsights_sitenote_category":0},"product_brand":[],"product_cat":[1498],"product_tag":[],"brand":[],"target-group":[],"discontinued":[],"class_list":{"0":"post-1361246","1":"product","2":"type-product","3":"status-publish","5":"product_cat-bruder-legetoej","7":"first","8":"instock","9":"taxable","10":"shipping-taxable","11":"product-type-simple"},"aioseo_notices":[],"_links":{"self":[{"href":"https:\/\/games.tactic.net\/da\/wp-json\/wp\/v2\/product\/1361246","targetHints":{"allow":["GET"]}}],"collection":[{"href":"https:\/\/games.tactic.net\/da\/wp-json\/wp\/v2\/product"}],"about":[{"href":"https:\/\/games.tactic.net\/da\/wp-json\/wp\/v2\/types\/product"}],"wp:attachment":[{"href":"https:\/\/games.tactic.net\/da\/wp-json\/wp\/v2\/media?parent=1361246"}],"wp:term":[{"taxonomy":"product_brand","embeddable":true,"href":"https:\/\/games.tactic.net\/da\/wp-json\/wp\/v2\/product_brand?post=1361246"},{"taxonomy":"product_cat","embeddable":true,"href":"https:\/\/games.tactic.net\/da\/wp-json\/wp\/v2\/product_cat?post=1361246"},{"taxonomy":"product_tag","embeddable":true,"href":"https:\/\/games.tactic.net\/da\/wp-json\/wp\/v2\/product_tag?post=1361246"},{"taxonomy":"brand","embeddable":true,"href":"https:\/\/games.tactic.net\/da\/wp-json\/wp\/v2\/brand?post=1361246"},{"taxonomy":"target-group","embeddable":true,"href":"https:\/\/games.tactic.net\/da\/wp-json\/wp\/v2\/target-group?post=1361246"},{"taxonomy":"discontinued","embeddable":true,"href":"https:\/\/games.tactic.net\/da\/wp-json\/wp\/v2\/discontinued?post=1361246"}],"curies":[{"name":"wp","href":"https:\/\/api.w.org\/{rel}","templated":true}]}}