{"id":1361183,"date":"2024-08-06T08:08:41","date_gmt":"2024-08-06T05:08:41","guid":{"rendered":"https:\/\/games.tactic.net\/tuote\/skal-vi-vaedde-jackpot\/"},"modified":"2024-09-04T12:02:23","modified_gmt":"2024-09-04T09:02:23","slug":"skal-vi-vaedde-jackpot","status":"publish","type":"product","link":"https:\/\/games.tactic.net\/da\/tuote\/skal-vi-vaedde-jackpot\/","title":{"rendered":"Skal vi V\u00e6dde &#8211; Jackpot"},"content":{"rendered":"<p>Nyt sp\u00e6ndende Jackpotelement \u2013 der vil v\u00e6re ekstra penge i midten af spillebr\u00e6ttet! En spiller kan f\u00e5 Jackpot og tr\u00e6kkes hver gang en spiller stopper i en af Jackpot-hj\u00f8rnerne. Hvem vil v\u00e6re den heldig vinder og f\u00e5 Jackpot!<br \/>\nHver spiller f\u00e5 en tilf\u00e6ldigt partner, og de udf\u00f8rer helt nye opgaver sammen. De andre spillere placerer deres indsatser som s\u00e6dvanligt. Alle penge fra de forkerte indsatser g\u00e5r i Jackpotten!<br \/>\nInkluderer bat og bolde til sp\u00e6ndende fysiske aktiviteter! Derudover vil par udf\u00f8re sjove verbale aktiviteter.<\/p>\n","protected":false},"excerpt":{"rendered":"<p>Dan teams og vind mere end nogensinde! Indsatsen er h\u00f8jere end nogensinde, men det er bel\u00f8nningen ogs\u00e5. Du skal stole p\u00e5 dine egne og din makkers evner og viden, for at klare de sp\u00e6ndende udfordringer. Sats p\u00e5 hvordan de andre spillere klarer sig og g\u00e5 efter jackpotten for at vinde stort. Den ultimative pr\u00e6mie venter!<\/p>\n","protected":false},"featured_media":0,"template":"","meta":{"content-type":"","_monsterinsights_skip_tracking":false,"_monsterinsights_sitenote_active":false,"_monsterinsights_sitenote_note":"","_monsterinsights_sitenote_category":0},"product_brand":[],"product_cat":[542],"product_tag":[994],"brand":[],"target-group":[],"discontinued":[],"class_list":{"0":"post-1361183","1":"product","2":"type-product","3":"status-publish","5":"product_cat-familiespil","6":"product_tag-sammen","8":"first","9":"instock","10":"taxable","11":"shipping-taxable","12":"product-type-simple"},"aioseo_notices":[],"_links":{"self":[{"href":"https:\/\/games.tactic.net\/da\/wp-json\/wp\/v2\/product\/1361183","targetHints":{"allow":["GET"]}}],"collection":[{"href":"https:\/\/games.tactic.net\/da\/wp-json\/wp\/v2\/product"}],"about":[{"href":"https:\/\/games.tactic.net\/da\/wp-json\/wp\/v2\/types\/product"}],"wp:attachment":[{"href":"https:\/\/games.tactic.net\/da\/wp-json\/wp\/v2\/media?parent=1361183"}],"wp:term":[{"taxonomy":"product_brand","embeddable":true,"href":"https:\/\/games.tactic.net\/da\/wp-json\/wp\/v2\/product_brand?post=1361183"},{"taxonomy":"product_cat","embeddable":true,"href":"https:\/\/games.tactic.net\/da\/wp-json\/wp\/v2\/product_cat?post=1361183"},{"taxonomy":"product_tag","embeddable":true,"href":"https:\/\/games.tactic.net\/da\/wp-json\/wp\/v2\/product_tag?post=1361183"},{"taxonomy":"brand","embeddable":true,"href":"https:\/\/games.tactic.net\/da\/wp-json\/wp\/v2\/brand?post=1361183"},{"taxonomy":"target-group","embeddable":true,"href":"https:\/\/games.tactic.net\/da\/wp-json\/wp\/v2\/target-group?post=1361183"},{"taxonomy":"discontinued","embeddable":true,"href":"https:\/\/games.tactic.net\/da\/wp-json\/wp\/v2\/discontinued?post=1361183"}],"curies":[{"name":"wp","href":"https:\/\/api.w.org\/{rel}","templated":true}]}}