{"id":1360950,"date":"2024-06-10T17:09:39","date_gmt":"2024-06-10T14:09:39","guid":{"rendered":"https:\/\/games.tactic.net\/tuote\/gamestorm-crime-scene-cyber\/"},"modified":"2024-06-10T17:09:39","modified_gmt":"2024-06-10T14:09:39","slug":"gamestorm-crime-scene-cyber","status":"publish","type":"product","link":"https:\/\/games.tactic.net\/da\/tuote\/gamestorm-crime-scene-cyber\/","title":{"rendered":"Gamestorm Crime Scene Cyber"},"content":{"rendered":"<p>Tr\u00e6d ind p\u00e5 gerningsstedet&#8230; En usynlig h\u00e5nd skaber en katastrofe, der rammer en intetanende mand. Kan han bek\u00e6mpe cybermonsteret, der truer med at \u00f8del\u00e6gge hans liv &#8211; og andres &#8211; eller vil han miste alt? &#8211; L\u00f8s g\u00e5derne og g\u00e5 videre mod den endelige konklusion. &#8211; Indeholder en unik historie skrevet af den finske krimiforfatter Arttu Tuominen.<\/p>\n","protected":false},"excerpt":{"rendered":"<p>Tr\u00e6d ind p\u00e5 gerningsstedet&#8230; En usynlig h\u00e5nd skaber en katastrofe, der rammer en intetanende mand. Kan han bek\u00e6mpe cybermonsteret, der truer med at \u00f8del\u00e6gge hans liv &#8211; og andres &#8211; eller vil han miste alt? &#8211; L\u00f8s g\u00e5derne og g\u00e5 videre mod den endelige konklusion. &#8211; Indeholder en unik historie skrevet af den finske krimiforfatter Arttu Tuominen.<\/p>\n","protected":false},"featured_media":0,"template":"","meta":{"content-type":"","_monsterinsights_skip_tracking":false,"_monsterinsights_sitenote_active":false,"_monsterinsights_sitenote_note":"","_monsterinsights_sitenote_category":0},"product_brand":[],"product_cat":[1632],"product_tag":[],"brand":[{"id":885,"name":"Gamestorm Studio","slug":"gamestormstudio-da"}],"target-group":[],"discontinued":[],"class_list":{"0":"post-1360950","1":"product","2":"type-product","3":"status-publish","5":"product_cat-18-voksenspil","6":"brand-gamestormstudio-da","8":"first","9":"instock","10":"taxable","11":"shipping-taxable","12":"product-type-simple"},"aioseo_notices":[],"_links":{"self":[{"href":"https:\/\/games.tactic.net\/da\/wp-json\/wp\/v2\/product\/1360950","targetHints":{"allow":["GET"]}}],"collection":[{"href":"https:\/\/games.tactic.net\/da\/wp-json\/wp\/v2\/product"}],"about":[{"href":"https:\/\/games.tactic.net\/da\/wp-json\/wp\/v2\/types\/product"}],"wp:attachment":[{"href":"https:\/\/games.tactic.net\/da\/wp-json\/wp\/v2\/media?parent=1360950"}],"wp:term":[{"taxonomy":"product_brand","embeddable":true,"href":"https:\/\/games.tactic.net\/da\/wp-json\/wp\/v2\/product_brand?post=1360950"},{"taxonomy":"product_cat","embeddable":true,"href":"https:\/\/games.tactic.net\/da\/wp-json\/wp\/v2\/product_cat?post=1360950"},{"taxonomy":"product_tag","embeddable":true,"href":"https:\/\/games.tactic.net\/da\/wp-json\/wp\/v2\/product_tag?post=1360950"},{"taxonomy":"brand","embeddable":true,"href":"https:\/\/games.tactic.net\/da\/wp-json\/wp\/v2\/brand?post=1360950"},{"taxonomy":"target-group","embeddable":true,"href":"https:\/\/games.tactic.net\/da\/wp-json\/wp\/v2\/target-group?post=1360950"},{"taxonomy":"discontinued","embeddable":true,"href":"https:\/\/games.tactic.net\/da\/wp-json\/wp\/v2\/discontinued?post=1360950"}],"curies":[{"name":"wp","href":"https:\/\/api.w.org\/{rel}","templated":true}]}}