{"id":1360841,"date":"2024-05-24T17:18:25","date_gmt":"2024-05-24T14:18:25","guid":{"rendered":"https:\/\/games.tactic.net\/tuote\/tiny-teamsterz-tumblers-launcher-1-car-toy-car\/"},"modified":"2025-01-29T10:50:04","modified_gmt":"2025-01-29T08:50:04","slug":"tiny-teamsterz-tumblers-launcher-1-car-toy-car","status":"archive","type":"product","link":"https:\/\/games.tactic.net\/da\/tuote\/tiny-teamsterz-tumblers-launcher-1-car-toy-car\/","title":{"rendered":"Tiny Teamsterz Tumblers launcher and 1 toy car"},"content":{"rendered":"<p>Tiny Tumblers er sm\u00e5, s\u00f8de k\u00f8ret\u00f8jer, som kan affyres fra den lille rampe, der medf\u00f8lger, og se dem rulle rundt p\u00e5 taget.<br \/>\nDe bl\u00f8de, let v\u00e6gts biler er  nemme for barnet at gribe omkring for den lille barneh\u00e5nd. Bilerne kommer i fire forskellige designs: Brandbil, politibil, ambulance og skraldebil, alle med s\u00f8de ansigter og lokkende lyse farver til at stimulere barnet. Tiny Teamsterz Launcher med 1 bil er en perfekt gave til enhver entusiastisk lille chauff\u00f8r, der tilbyder timevis af fantasifuld sjov! Velegnet til alderen 12 m\u00e5neder+<\/p>\n","protected":false},"excerpt":{"rendered":"<p>Tiny Teamsterz Tumblers launcher og 1 stk bil. Tiny Tumblers er sm\u00e5, s\u00f8de k\u00f8ret\u00f8jer, som kan affyres fra den lille rampe, der medf\u00f8lger, og se dem rulle rundt p\u00e5 taget. Fra 1 \u00e5r.<\/p>\n","protected":false},"featured_media":0,"template":"","meta":{"content-type":"","_monsterinsights_skip_tracking":false,"_monsterinsights_sitenote_active":false,"_monsterinsights_sitenote_note":"","_monsterinsights_sitenote_category":0},"product_brand":[],"product_cat":[1615],"product_tag":[],"brand":[],"target-group":[],"discontinued":[],"class_list":{"0":"post-1360841","1":"product","2":"type-product","3":"status-archive","5":"product_cat-teamsterz-legetoej","7":"first","8":"outofstock","9":"taxable","10":"shipping-taxable","11":"product-type-simple"},"aioseo_notices":[],"_links":{"self":[{"href":"https:\/\/games.tactic.net\/da\/wp-json\/wp\/v2\/product\/1360841","targetHints":{"allow":["GET"]}}],"collection":[{"href":"https:\/\/games.tactic.net\/da\/wp-json\/wp\/v2\/product"}],"about":[{"href":"https:\/\/games.tactic.net\/da\/wp-json\/wp\/v2\/types\/product"}],"wp:attachment":[{"href":"https:\/\/games.tactic.net\/da\/wp-json\/wp\/v2\/media?parent=1360841"}],"wp:term":[{"taxonomy":"product_brand","embeddable":true,"href":"https:\/\/games.tactic.net\/da\/wp-json\/wp\/v2\/product_brand?post=1360841"},{"taxonomy":"product_cat","embeddable":true,"href":"https:\/\/games.tactic.net\/da\/wp-json\/wp\/v2\/product_cat?post=1360841"},{"taxonomy":"product_tag","embeddable":true,"href":"https:\/\/games.tactic.net\/da\/wp-json\/wp\/v2\/product_tag?post=1360841"},{"taxonomy":"brand","embeddable":true,"href":"https:\/\/games.tactic.net\/da\/wp-json\/wp\/v2\/brand?post=1360841"},{"taxonomy":"target-group","embeddable":true,"href":"https:\/\/games.tactic.net\/da\/wp-json\/wp\/v2\/target-group?post=1360841"},{"taxonomy":"discontinued","embeddable":true,"href":"https:\/\/games.tactic.net\/da\/wp-json\/wp\/v2\/discontinued?post=1360841"}],"curies":[{"name":"wp","href":"https:\/\/api.w.org\/{rel}","templated":true}]}}