{"id":1360799,"date":"2024-05-15T13:17:07","date_gmt":"2024-05-15T10:17:07","guid":{"rendered":"https:\/\/games.tactic.net\/tuote\/bruder-fliegl-drum-trailer-jumbo-line-plus\/"},"modified":"2024-05-15T13:17:07","modified_gmt":"2024-05-15T10:17:07","slug":"bruder-fliegl-drum-trailer-jumbo-line-plus","status":"publish","type":"product","link":"https:\/\/games.tactic.net\/da\/tuote\/bruder-fliegl-drum-trailer-jumbo-line-plus\/","title":{"rendered":"Bruder Fliegl Jumbo Line Plus drum trailer toy"},"content":{"rendered":"<p>Den nye gyllespreder fra Fliegl udvider BRUDER&#8217;s landbrugssortiment med den nyeste g\u00f8dningsteknologi. Denne detaljerede model fra BRUDER er udstyret med en tr\u00e6kbar slangeudl\u00f8ser. Den integrerede tank kan fyldes med vand og lukkes med en prop. Traileren t\u00f8mmes gennem en afl\u00f8bsventil i bagenden af \u200b\u200btraileren. Til vejtransport kan slangeudl\u00f8seren foldes ind og foldes ud igen under markarbejde. BRUDER 3000- og 4000-seriens traktorer er den perfekte traktor til denne imponerende trailer.<\/p>\n","protected":false},"excerpt":{"rendered":"<p>Fliegl gyllespreder Jumbo Line Plus.<\/p>\n","protected":false},"featured_media":0,"template":"","meta":{"content-type":"","_monsterinsights_skip_tracking":false,"_monsterinsights_sitenote_active":false,"_monsterinsights_sitenote_note":"","_monsterinsights_sitenote_category":0},"product_brand":[],"product_cat":[1498],"product_tag":[],"brand":[],"target-group":[],"discontinued":[],"class_list":{"0":"post-1360799","1":"product","2":"type-product","3":"status-publish","5":"product_cat-bruder-legetoej","7":"first","8":"instock","9":"taxable","10":"shipping-taxable","11":"product-type-simple"},"aioseo_notices":[],"_links":{"self":[{"href":"https:\/\/games.tactic.net\/da\/wp-json\/wp\/v2\/product\/1360799","targetHints":{"allow":["GET"]}}],"collection":[{"href":"https:\/\/games.tactic.net\/da\/wp-json\/wp\/v2\/product"}],"about":[{"href":"https:\/\/games.tactic.net\/da\/wp-json\/wp\/v2\/types\/product"}],"wp:attachment":[{"href":"https:\/\/games.tactic.net\/da\/wp-json\/wp\/v2\/media?parent=1360799"}],"wp:term":[{"taxonomy":"product_brand","embeddable":true,"href":"https:\/\/games.tactic.net\/da\/wp-json\/wp\/v2\/product_brand?post=1360799"},{"taxonomy":"product_cat","embeddable":true,"href":"https:\/\/games.tactic.net\/da\/wp-json\/wp\/v2\/product_cat?post=1360799"},{"taxonomy":"product_tag","embeddable":true,"href":"https:\/\/games.tactic.net\/da\/wp-json\/wp\/v2\/product_tag?post=1360799"},{"taxonomy":"brand","embeddable":true,"href":"https:\/\/games.tactic.net\/da\/wp-json\/wp\/v2\/brand?post=1360799"},{"taxonomy":"target-group","embeddable":true,"href":"https:\/\/games.tactic.net\/da\/wp-json\/wp\/v2\/target-group?post=1360799"},{"taxonomy":"discontinued","embeddable":true,"href":"https:\/\/games.tactic.net\/da\/wp-json\/wp\/v2\/discontinued?post=1360799"}],"curies":[{"name":"wp","href":"https:\/\/api.w.org\/{rel}","templated":true}]}}