{"id":1360043,"date":"2024-04-19T11:09:53","date_gmt":"2024-04-19T08:09:53","guid":{"rendered":"https:\/\/games.tactic.net\/tuote\/mb-sprinter-with-working-platform-ls-module\/"},"modified":"2024-04-19T11:09:53","modified_gmt":"2024-04-19T08:09:53","slug":"mb-sprinter-with-working-platform-ls-module","status":"publish","type":"product","link":"https:\/\/games.tactic.net\/da\/tuote\/mb-sprinter-with-working-platform-ls-module\/","title":{"rendered":"Bruder Mercedes-Benz Sprinter med arbejdsplatform og lys &#038; lyd leget\u00f8j"},"content":{"rendered":"<p>Banebrydende, effektiv, p\u00e5lidelig \u2013 s\u00e5dan beskriver Mercedes-Benz den nye Sprinter. Den nyeste variant hos BRUDER er MB Sprinter med liftkurv. Mobile arbejdsplatforme bruges i h\u00f8jden, fx ved tr\u00e6er, gadebelysning og skilte. BRUDERs platform bringer enhver bworld-figur sikkert op i 70 cm h\u00f8jde! Takket v\u00e6re den integrerede teknik forbliver kurven vandret, n\u00e5r bommen udskydes. K\u00f8ret\u00f8jet sikres med 4 udtr\u00e6kkelige st\u00f8tteben, og 4 kegler medf\u00f8lger til afsp\u00e6rring. F\u00f8rerkabined\u00f8rene kan \u00e5bnes, og lys- og lydmodul er allerede installeret for sikkerhed og tydelig signalering.<\/p>\n","protected":false},"excerpt":{"rendered":"<p>MB Sprinter arbejdsplatform med Lys &#038; Lyd modul. Udstyret med 4 st\u00f8tteben og kegler til at afsp\u00e6rre arbejdsomr\u00e5det.<\/p>\n","protected":false},"featured_media":0,"template":"","meta":{"content-type":"","_monsterinsights_skip_tracking":false,"_monsterinsights_sitenote_active":false,"_monsterinsights_sitenote_note":"","_monsterinsights_sitenote_category":0},"product_brand":[],"product_cat":[1498],"product_tag":[],"brand":[],"target-group":[],"discontinued":[],"class_list":{"0":"post-1360043","1":"product","2":"type-product","3":"status-publish","5":"product_cat-bruder-legetoej","7":"first","8":"instock","9":"taxable","10":"shipping-taxable","11":"product-type-simple"},"aioseo_notices":[],"_links":{"self":[{"href":"https:\/\/games.tactic.net\/da\/wp-json\/wp\/v2\/product\/1360043","targetHints":{"allow":["GET"]}}],"collection":[{"href":"https:\/\/games.tactic.net\/da\/wp-json\/wp\/v2\/product"}],"about":[{"href":"https:\/\/games.tactic.net\/da\/wp-json\/wp\/v2\/types\/product"}],"wp:attachment":[{"href":"https:\/\/games.tactic.net\/da\/wp-json\/wp\/v2\/media?parent=1360043"}],"wp:term":[{"taxonomy":"product_brand","embeddable":true,"href":"https:\/\/games.tactic.net\/da\/wp-json\/wp\/v2\/product_brand?post=1360043"},{"taxonomy":"product_cat","embeddable":true,"href":"https:\/\/games.tactic.net\/da\/wp-json\/wp\/v2\/product_cat?post=1360043"},{"taxonomy":"product_tag","embeddable":true,"href":"https:\/\/games.tactic.net\/da\/wp-json\/wp\/v2\/product_tag?post=1360043"},{"taxonomy":"brand","embeddable":true,"href":"https:\/\/games.tactic.net\/da\/wp-json\/wp\/v2\/brand?post=1360043"},{"taxonomy":"target-group","embeddable":true,"href":"https:\/\/games.tactic.net\/da\/wp-json\/wp\/v2\/target-group?post=1360043"},{"taxonomy":"discontinued","embeddable":true,"href":"https:\/\/games.tactic.net\/da\/wp-json\/wp\/v2\/discontinued?post=1360043"}],"curies":[{"name":"wp","href":"https:\/\/api.w.org\/{rel}","templated":true}]}}