{"id":1359273,"date":"2024-03-18T12:12:00","date_gmt":"2024-03-18T10:12:00","guid":{"rendered":"https:\/\/games.tactic.net\/tuote\/crime-scene-berlin\/"},"modified":"2024-03-18T12:12:00","modified_gmt":"2024-03-18T10:12:00","slug":"crime-scene-berlin","status":"publish","type":"product","link":"https:\/\/games.tactic.net\/da\/tuote\/crime-scene-berlin\/","title":{"rendered":"Gamestorm Crime Scene Berlin 1976"},"content":{"rendered":"<p>Tr\u00e6d ind p\u00e5 gerningsstedet&#8230; En ung kvinde, der lever i skyggen af Berlinmuren, modtager et m\u00e6rkeligt, farligt brev, der \u00e6ndrer hendes liv&#8230; og m\u00e5ske mere end det. &#8211; L\u00f8s g\u00e5derne og g\u00e5 videre mod den endelige konklusion. &#8211; Indeholder en unik historie skrevet af den finske krimiforfatter Arttu Tuominen.<\/p>\n<p>Crime Scene byder p\u00e5 masser af udfordrende puslespil at l\u00f8se, mens den sp\u00e6ndende historie f\u00f8rer dig t\u00e6ttere p\u00e5 l\u00f8sningen trin for trin. Hvert spil indeholder en unik historie skrevet af den finske forfatter Arttu Tuominen.<\/p>\n<p>Gamestorm Studio er et innovativt br\u00e6tspilsudviklingsstudie fyldt med str\u00e5lende, interessante og sp\u00e6ndende eventyrsspil. N\u00e5r vi udvikler vores br\u00e6tspil af h\u00f8j kvalitet, l\u00e6gger vi s\u00e6rlig v\u00e6gt p\u00e5 sjov og udfordrende gameplay, fascinerende temaer og medrivende historier. Medrivende og engagerende historier er Gamestorm Studios specialitet. I spillene l\u00f8ser du forbrydelser, erobrer de barske skotske h\u00f8jlande, sejler verdenshavene som en hanseatisk k\u00f8bmand eller racer mod den iskolde Nordpol. V\u00e6lg dit eventyr og lad historien f\u00f8re dig med!<\/p>\n<p>Dette produkt er fremstillet i Finland p\u00e5 Tactic Games&#8217; egen fabrik. Vores egen produktion sikrer sporbarheden af alle materialer, og vi blev tildelt FSC-certifikatet i 2021. Vi overv\u00e5ger ogs\u00e5 n\u00f8je vores CO2-fodspor.<\/p>\n","protected":false},"excerpt":{"rendered":"<p>Tr\u00e6d ind p\u00e5 gerningsstedet&#8230; En ung kvinde, der lever i skyggen af Berlinmuren, modtager et m\u00e6rkeligt, farligt brev, der \u00e6ndrer hendes liv&#8230; og m\u00e5ske mere end det. &#8211; L\u00f8s g\u00e5derne og g\u00e5 videre mod den endelige konklusion. &#8211; Indeholder en unik historie skrevet af den finske krimiforfatter Arttu Tuominen.<\/p>\n","protected":false},"featured_media":0,"template":"","meta":{"content-type":"","_monsterinsights_skip_tracking":false,"_monsterinsights_sitenote_active":false,"_monsterinsights_sitenote_note":"","_monsterinsights_sitenote_category":0},"product_brand":[],"product_cat":[1632],"product_tag":[],"brand":[{"id":885,"name":"Gamestorm Studio","slug":"gamestormstudio-da"}],"target-group":[],"discontinued":[],"class_list":{"0":"post-1359273","1":"product","2":"type-product","3":"status-publish","5":"product_cat-18-voksenspil","6":"brand-gamestormstudio-da","8":"first","9":"instock","10":"taxable","11":"shipping-taxable","12":"product-type-simple"},"aioseo_notices":[],"_links":{"self":[{"href":"https:\/\/games.tactic.net\/da\/wp-json\/wp\/v2\/product\/1359273","targetHints":{"allow":["GET"]}}],"collection":[{"href":"https:\/\/games.tactic.net\/da\/wp-json\/wp\/v2\/product"}],"about":[{"href":"https:\/\/games.tactic.net\/da\/wp-json\/wp\/v2\/types\/product"}],"wp:attachment":[{"href":"https:\/\/games.tactic.net\/da\/wp-json\/wp\/v2\/media?parent=1359273"}],"wp:term":[{"taxonomy":"product_brand","embeddable":true,"href":"https:\/\/games.tactic.net\/da\/wp-json\/wp\/v2\/product_brand?post=1359273"},{"taxonomy":"product_cat","embeddable":true,"href":"https:\/\/games.tactic.net\/da\/wp-json\/wp\/v2\/product_cat?post=1359273"},{"taxonomy":"product_tag","embeddable":true,"href":"https:\/\/games.tactic.net\/da\/wp-json\/wp\/v2\/product_tag?post=1359273"},{"taxonomy":"brand","embeddable":true,"href":"https:\/\/games.tactic.net\/da\/wp-json\/wp\/v2\/brand?post=1359273"},{"taxonomy":"target-group","embeddable":true,"href":"https:\/\/games.tactic.net\/da\/wp-json\/wp\/v2\/target-group?post=1359273"},{"taxonomy":"discontinued","embeddable":true,"href":"https:\/\/games.tactic.net\/da\/wp-json\/wp\/v2\/discontinued?post=1359273"}],"curies":[{"name":"wp","href":"https:\/\/api.w.org\/{rel}","templated":true}]}}