{"id":1359121,"date":"2024-02-27T12:23:59","date_gmt":"2024-02-27T10:23:59","guid":{"rendered":"https:\/\/games.tactic.net\/tuote\/lets-learn-traffic-game\/"},"modified":"2024-02-27T12:23:59","modified_gmt":"2024-02-27T10:23:59","slug":"lets-learn-traffic-game","status":"publish","type":"product","link":"https:\/\/games.tactic.net\/da\/tuote\/lets-learn-traffic-game\/","title":{"rendered":"Tactic L\u00e6r om Trafikken"},"content":{"rendered":"<p>L\u00e6r om f\u00e6rdselsregler og vejskilte &#8211; Og at f\u00e6rdes sikkert i trafikken Skolekammeraterne er p\u00e5 vej hjem fra skole. De skynder sig for at se, hvem der klarer deres opgaver hurtigst og kommer f\u00f8rst i m\u00e5l. Brug dine tr\u00e6k klogt og svar rigtigt p\u00e5 trafikrelaterede sp\u00f8rgsm\u00e5l. Du kan frit flytte vejskiltene. Snup pokalen fra den dygtigste trafikant og kom f\u00f8rst i m\u00e5l. Indeholder en lettere version for de yngste spillere<\/p>\n","protected":false},"excerpt":{"rendered":"<p>L\u00e6r om Trafikken<\/p>\n","protected":false},"featured_media":0,"template":"","meta":{"content-type":"","_monsterinsights_skip_tracking":false,"_monsterinsights_sitenote_active":false,"_monsterinsights_sitenote_note":"","_monsterinsights_sitenote_category":0},"product_brand":[],"product_cat":[1574,1590],"product_tag":[1232,1256],"brand":[{"id":859,"name":"Let's Learn","slug":"letslearn-da"}],"target-group":[],"discontinued":[],"class_list":{"0":"post-1359121","1":"product","2":"type-product","3":"status-publish","5":"product_cat-boerne-braetspil","6":"product_cat-laeringsspil","7":"product_tag-kombinere-da","8":"product_tag-paedagogisk-da","9":"brand-letslearn-da","11":"first","12":"instock","13":"taxable","14":"shipping-taxable","15":"product-type-simple"},"aioseo_notices":[],"_links":{"self":[{"href":"https:\/\/games.tactic.net\/da\/wp-json\/wp\/v2\/product\/1359121","targetHints":{"allow":["GET"]}}],"collection":[{"href":"https:\/\/games.tactic.net\/da\/wp-json\/wp\/v2\/product"}],"about":[{"href":"https:\/\/games.tactic.net\/da\/wp-json\/wp\/v2\/types\/product"}],"wp:attachment":[{"href":"https:\/\/games.tactic.net\/da\/wp-json\/wp\/v2\/media?parent=1359121"}],"wp:term":[{"taxonomy":"product_brand","embeddable":true,"href":"https:\/\/games.tactic.net\/da\/wp-json\/wp\/v2\/product_brand?post=1359121"},{"taxonomy":"product_cat","embeddable":true,"href":"https:\/\/games.tactic.net\/da\/wp-json\/wp\/v2\/product_cat?post=1359121"},{"taxonomy":"product_tag","embeddable":true,"href":"https:\/\/games.tactic.net\/da\/wp-json\/wp\/v2\/product_tag?post=1359121"},{"taxonomy":"brand","embeddable":true,"href":"https:\/\/games.tactic.net\/da\/wp-json\/wp\/v2\/brand?post=1359121"},{"taxonomy":"target-group","embeddable":true,"href":"https:\/\/games.tactic.net\/da\/wp-json\/wp\/v2\/target-group?post=1359121"},{"taxonomy":"discontinued","embeddable":true,"href":"https:\/\/games.tactic.net\/da\/wp-json\/wp\/v2\/discontinued?post=1359121"}],"curies":[{"name":"wp","href":"https:\/\/api.w.org\/{rel}","templated":true}]}}