{"id":1344294,"date":"2023-11-13T14:18:35","date_gmt":"2023-11-13T12:18:35","guid":{"rendered":"https:\/\/games.tactic.net\/tuote\/fantus-fantorangen-35-cm\/"},"modified":"2025-05-28T10:34:37","modified_gmt":"2025-05-28T07:34:37","slug":"fantus-fantorangen-35-cm","status":"archive","type":"product","link":"https:\/\/games.tactic.net\/da\/tuote\/fantus-fantorangen-35-cm\/","title":{"rendered":"TSI Fantus Fantorangen 35 cm"},"content":{"rendered":"<p>S\u00f8d Fantus bamse i form af den lilla elefantorangutang Fantus, som kendes fra DR minisjang. Fantus bamsen er bl\u00f8d og med store \u00f8rer samt en snabel og er den perfekte krammebamse. Bamsen har en ble p\u00e5, der kan tages af. Fra 0 \u00e5r.<\/p>\n","protected":false},"excerpt":{"rendered":"<p>Fantus 35 cm.<\/p>\n","protected":false},"featured_media":0,"template":"","meta":{"content-type":"","_monsterinsights_skip_tracking":false,"_monsterinsights_sitenote_active":false,"_monsterinsights_sitenote_note":"","_monsterinsights_sitenote_category":0},"product_brand":[],"product_cat":[2290],"product_tag":[],"brand":[],"target-group":[],"discontinued":[],"class_list":{"0":"post-1344294","1":"product","2":"type-product","3":"status-archive","5":"product_cat-fantorangen","7":"first","8":"outofstock","9":"taxable","10":"shipping-taxable","11":"product-type-simple"},"aioseo_notices":[],"_links":{"self":[{"href":"https:\/\/games.tactic.net\/da\/wp-json\/wp\/v2\/product\/1344294","targetHints":{"allow":["GET"]}}],"collection":[{"href":"https:\/\/games.tactic.net\/da\/wp-json\/wp\/v2\/product"}],"about":[{"href":"https:\/\/games.tactic.net\/da\/wp-json\/wp\/v2\/types\/product"}],"wp:attachment":[{"href":"https:\/\/games.tactic.net\/da\/wp-json\/wp\/v2\/media?parent=1344294"}],"wp:term":[{"taxonomy":"product_brand","embeddable":true,"href":"https:\/\/games.tactic.net\/da\/wp-json\/wp\/v2\/product_brand?post=1344294"},{"taxonomy":"product_cat","embeddable":true,"href":"https:\/\/games.tactic.net\/da\/wp-json\/wp\/v2\/product_cat?post=1344294"},{"taxonomy":"product_tag","embeddable":true,"href":"https:\/\/games.tactic.net\/da\/wp-json\/wp\/v2\/product_tag?post=1344294"},{"taxonomy":"brand","embeddable":true,"href":"https:\/\/games.tactic.net\/da\/wp-json\/wp\/v2\/brand?post=1344294"},{"taxonomy":"target-group","embeddable":true,"href":"https:\/\/games.tactic.net\/da\/wp-json\/wp\/v2\/target-group?post=1344294"},{"taxonomy":"discontinued","embeddable":true,"href":"https:\/\/games.tactic.net\/da\/wp-json\/wp\/v2\/discontinued?post=1344294"}],"curies":[{"name":"wp","href":"https:\/\/api.w.org\/{rel}","templated":true}]}}