{"id":1344293,"date":"2023-11-13T13:19:34","date_gmt":"2023-11-13T11:19:34","guid":{"rendered":"https:\/\/games.tactic.net\/tuote\/pivi-fantorangen-30-cm\/"},"modified":"2025-06-03T09:46:18","modified_gmt":"2025-06-03T06:46:18","slug":"pivi-fantorangen-30-cm","status":"archive","type":"product","link":"https:\/\/games.tactic.net\/da\/tuote\/pivi-fantorangen-30-cm\/","title":{"rendered":"TSI Pivi Fantorangen 30 cm"},"content":{"rendered":"<p>Pivi Fantorangen er kendt fra DR TV Minisjang b\u00f8rnprogrammet Fantorangens Verden. Den bl\u00f8de bamse spreder gl\u00e6de blandt b\u00f8rn og er genkendelig og sjov at lege med.<br \/>\nM\u00e5ske er det Fantorangens bedste ven Pivi, der er dit barns favorit ? Pivi har en sjov lang n\u00e6se og lange arme, som man rigtig kan kramme. Pivi Fantorangen bamse er et sjovt fantasi dyr, og er en dejlig bl\u00f8d og hyggelig bamse, som b\u00f8rnene kan tage med p\u00e5 eventyrlig leg om dagen og putte med om natten. Pivi Fantorangen stammer oprindeligt fra Norge og er sammen med Fantus og Fantorangen, meget popul\u00e6re p\u00e5 bl.a. b\u00f8rne-tv. Fra 0 \u00e5r.<\/p>\n","protected":false},"excerpt":{"rendered":"<p>Pivi 20 cm.<\/p>\n","protected":false},"featured_media":0,"template":"","meta":{"content-type":"","_monsterinsights_skip_tracking":false,"_monsterinsights_sitenote_active":false,"_monsterinsights_sitenote_note":"","_monsterinsights_sitenote_category":0},"product_brand":[],"product_cat":[2290],"product_tag":[],"brand":[],"target-group":[],"discontinued":[],"class_list":{"0":"post-1344293","1":"product","2":"type-product","3":"status-archive","5":"product_cat-fantorangen","7":"first","8":"outofstock","9":"taxable","10":"shipping-taxable","11":"product-type-simple"},"aioseo_notices":[],"_links":{"self":[{"href":"https:\/\/games.tactic.net\/da\/wp-json\/wp\/v2\/product\/1344293","targetHints":{"allow":["GET"]}}],"collection":[{"href":"https:\/\/games.tactic.net\/da\/wp-json\/wp\/v2\/product"}],"about":[{"href":"https:\/\/games.tactic.net\/da\/wp-json\/wp\/v2\/types\/product"}],"wp:attachment":[{"href":"https:\/\/games.tactic.net\/da\/wp-json\/wp\/v2\/media?parent=1344293"}],"wp:term":[{"taxonomy":"product_brand","embeddable":true,"href":"https:\/\/games.tactic.net\/da\/wp-json\/wp\/v2\/product_brand?post=1344293"},{"taxonomy":"product_cat","embeddable":true,"href":"https:\/\/games.tactic.net\/da\/wp-json\/wp\/v2\/product_cat?post=1344293"},{"taxonomy":"product_tag","embeddable":true,"href":"https:\/\/games.tactic.net\/da\/wp-json\/wp\/v2\/product_tag?post=1344293"},{"taxonomy":"brand","embeddable":true,"href":"https:\/\/games.tactic.net\/da\/wp-json\/wp\/v2\/brand?post=1344293"},{"taxonomy":"target-group","embeddable":true,"href":"https:\/\/games.tactic.net\/da\/wp-json\/wp\/v2\/target-group?post=1344293"},{"taxonomy":"discontinued","embeddable":true,"href":"https:\/\/games.tactic.net\/da\/wp-json\/wp\/v2\/discontinued?post=1344293"}],"curies":[{"name":"wp","href":"https:\/\/api.w.org\/{rel}","templated":true}]}}