{"id":1344094,"date":"2023-11-11T13:40:15","date_gmt":"2023-11-11T11:40:15","guid":{"rendered":"https:\/\/games.tactic.net\/tuote\/det-lille-tog\/"},"modified":"2023-11-11T13:40:15","modified_gmt":"2023-11-11T11:40:15","slug":"det-lille-tog","status":"archive","type":"product","link":"https:\/\/games.tactic.net\/da\/tuote\/det-lille-tog\/","title":{"rendered":"Det lille tog"},"content":{"rendered":"<p>Flyt toget langs skinnerne rundt p\u00e5 spillepladen og pr\u00f8v at finde den tabte bagage. Hvis du finder den f\u00f8r de andre, vinder du spillet.<\/p>\n","protected":false},"excerpt":{"rendered":"<p>Flyt toget langs skinnerne rundt p\u00e5 spillepladen og pr\u00f8v at finde den tabte bagage. Hvis du finder den f\u00f8r de andre, vinder du spillet.<\/p>\n","protected":false},"featured_media":0,"template":"","meta":{"content-type":"","_monsterinsights_skip_tracking":false,"_monsterinsights_sitenote_active":false,"_monsterinsights_sitenote_note":"","_monsterinsights_sitenote_category":0},"product_brand":[],"product_cat":[310],"product_tag":[],"brand":[],"target-group":[],"discontinued":[],"class_list":{"0":"post-1344094","1":"product","2":"type-product","3":"status-archive","5":"product_cat-bornespil","7":"first","8":"outofstock","9":"taxable","10":"shipping-taxable","11":"product-type-simple"},"aioseo_notices":[],"_links":{"self":[{"href":"https:\/\/games.tactic.net\/da\/wp-json\/wp\/v2\/product\/1344094","targetHints":{"allow":["GET"]}}],"collection":[{"href":"https:\/\/games.tactic.net\/da\/wp-json\/wp\/v2\/product"}],"about":[{"href":"https:\/\/games.tactic.net\/da\/wp-json\/wp\/v2\/types\/product"}],"wp:attachment":[{"href":"https:\/\/games.tactic.net\/da\/wp-json\/wp\/v2\/media?parent=1344094"}],"wp:term":[{"taxonomy":"product_brand","embeddable":true,"href":"https:\/\/games.tactic.net\/da\/wp-json\/wp\/v2\/product_brand?post=1344094"},{"taxonomy":"product_cat","embeddable":true,"href":"https:\/\/games.tactic.net\/da\/wp-json\/wp\/v2\/product_cat?post=1344094"},{"taxonomy":"product_tag","embeddable":true,"href":"https:\/\/games.tactic.net\/da\/wp-json\/wp\/v2\/product_tag?post=1344094"},{"taxonomy":"brand","embeddable":true,"href":"https:\/\/games.tactic.net\/da\/wp-json\/wp\/v2\/brand?post=1344094"},{"taxonomy":"target-group","embeddable":true,"href":"https:\/\/games.tactic.net\/da\/wp-json\/wp\/v2\/target-group?post=1344094"},{"taxonomy":"discontinued","embeddable":true,"href":"https:\/\/games.tactic.net\/da\/wp-json\/wp\/v2\/discontinued?post=1344094"}],"curies":[{"name":"wp","href":"https:\/\/api.w.org\/{rel}","templated":true}]}}