{"id":1344014,"date":"2023-11-08T16:28:02","date_gmt":"2023-11-08T14:28:02","guid":{"rendered":"https:\/\/games.tactic.net\/tuote\/fantorangen-50-cm\/"},"modified":"2023-11-08T16:28:02","modified_gmt":"2023-11-08T14:28:02","slug":"fantorangen-50-cm","status":"publish","type":"product","link":"https:\/\/games.tactic.net\/da\/tuote\/fantorangen-50-cm\/","title":{"rendered":"TSI Fantorangen 50 cm"},"content":{"rendered":"<p>Bamsen Fantorangen er kendt fra DR TV Minisjang b\u00f8rnprogrammet Fantorangens Verden. Den bl\u00f8de bamse spreder gl\u00e6de blandt b\u00f8rn og er genkendelig og sjov at lege med. Fantorangen elsker at lege med sine venne Pivi og Fantus. T\u00f8jdyret ligner en blanding mellem en abe og en elefant og er et sjovt fantasidyr. Puttedyret er perfekt at sove med og er dejlig bl\u00f8d at putte med. Fra 0 \u00e5r.<\/p>\n","protected":false},"excerpt":{"rendered":"<p>Fantorangen 50 cm.<\/p>\n","protected":false},"featured_media":0,"template":"","meta":{"content-type":"","_monsterinsights_skip_tracking":false,"_monsterinsights_sitenote_active":false,"_monsterinsights_sitenote_note":"","_monsterinsights_sitenote_category":0},"product_brand":[],"product_cat":[777,523],"product_tag":[],"brand":[],"target-group":[],"discontinued":[],"class_list":{"0":"post-1344014","1":"product","2":"type-product","3":"status-publish","5":"product_cat-legetoej","6":"product_cat-nyheder","8":"first","9":"instock","10":"taxable","11":"shipping-taxable","12":"product-type-simple"},"aioseo_notices":[],"_links":{"self":[{"href":"https:\/\/games.tactic.net\/da\/wp-json\/wp\/v2\/product\/1344014","targetHints":{"allow":["GET"]}}],"collection":[{"href":"https:\/\/games.tactic.net\/da\/wp-json\/wp\/v2\/product"}],"about":[{"href":"https:\/\/games.tactic.net\/da\/wp-json\/wp\/v2\/types\/product"}],"wp:attachment":[{"href":"https:\/\/games.tactic.net\/da\/wp-json\/wp\/v2\/media?parent=1344014"}],"wp:term":[{"taxonomy":"product_brand","embeddable":true,"href":"https:\/\/games.tactic.net\/da\/wp-json\/wp\/v2\/product_brand?post=1344014"},{"taxonomy":"product_cat","embeddable":true,"href":"https:\/\/games.tactic.net\/da\/wp-json\/wp\/v2\/product_cat?post=1344014"},{"taxonomy":"product_tag","embeddable":true,"href":"https:\/\/games.tactic.net\/da\/wp-json\/wp\/v2\/product_tag?post=1344014"},{"taxonomy":"brand","embeddable":true,"href":"https:\/\/games.tactic.net\/da\/wp-json\/wp\/v2\/brand?post=1344014"},{"taxonomy":"target-group","embeddable":true,"href":"https:\/\/games.tactic.net\/da\/wp-json\/wp\/v2\/target-group?post=1344014"},{"taxonomy":"discontinued","embeddable":true,"href":"https:\/\/games.tactic.net\/da\/wp-json\/wp\/v2\/discontinued?post=1344014"}],"curies":[{"name":"wp","href":"https:\/\/api.w.org\/{rel}","templated":true}]}}