{"id":1343916,"date":"2023-11-07T14:20:44","date_gmt":"2023-11-07T12:20:44","guid":{"rendered":"https:\/\/games.tactic.net\/tuote\/wooden-toolbox-hand-tool\/"},"modified":"2025-01-16T11:50:24","modified_gmt":"2025-01-16T09:50:24","slug":"wooden-toolbox-hand-tool","status":"archive","type":"product","link":"https:\/\/games.tactic.net\/da\/tuote\/wooden-toolbox-hand-tool\/","title":{"rendered":"Stanley Jr. Wooden toolbox and hand tools toy"},"content":{"rendered":"<p>Legen begynder med det samme! Saml v\u00e6rkt\u00f8jskassen med de skruer, der f\u00f8lger med produktet. S\u00e6ttet indeholder 6 tr\u00e6v\u00e6rkt\u00f8jer: en hammer, svenskn\u00f8gle, skruetr\u00e6kker, sav, tang og en fastn\u00f8gle. 100 % FSC-certificeret tr\u00e6.<\/p>\n<p><img decoding=\"async\" src=\"https:\\\\games.tactic.net\\pic\\logo\\Awarded_concept.png\"><img decoding=\"async\" src=\"https:\\\\games.tactic.net\\pic\\logo\\FI_2023_Vuoden_Lelu_finalisti.png\"><\/p>\n","protected":false},"excerpt":{"rendered":"<p>Stanley JR. Tr\u00e6 V\u00e6rkt\u00f8jskasse med 6 forskellige tr\u00e6v\u00e6rkt\u00f8jer<\/p>\n","protected":false},"featured_media":0,"template":"","meta":{"content-type":"","_monsterinsights_skip_tracking":false,"_monsterinsights_sitenote_active":false,"_monsterinsights_sitenote_note":"","_monsterinsights_sitenote_category":0},"product_brand":[],"product_cat":[1614],"product_tag":[],"brand":[],"target-group":[],"discontinued":[],"class_list":{"0":"post-1343916","1":"product","2":"type-product","3":"status-archive","5":"product_cat-stanley-jr-legetoej","7":"first","8":"instock","9":"taxable","10":"shipping-taxable","11":"product-type-simple"},"aioseo_notices":[],"_links":{"self":[{"href":"https:\/\/games.tactic.net\/da\/wp-json\/wp\/v2\/product\/1343916","targetHints":{"allow":["GET"]}}],"collection":[{"href":"https:\/\/games.tactic.net\/da\/wp-json\/wp\/v2\/product"}],"about":[{"href":"https:\/\/games.tactic.net\/da\/wp-json\/wp\/v2\/types\/product"}],"wp:attachment":[{"href":"https:\/\/games.tactic.net\/da\/wp-json\/wp\/v2\/media?parent=1343916"}],"wp:term":[{"taxonomy":"product_brand","embeddable":true,"href":"https:\/\/games.tactic.net\/da\/wp-json\/wp\/v2\/product_brand?post=1343916"},{"taxonomy":"product_cat","embeddable":true,"href":"https:\/\/games.tactic.net\/da\/wp-json\/wp\/v2\/product_cat?post=1343916"},{"taxonomy":"product_tag","embeddable":true,"href":"https:\/\/games.tactic.net\/da\/wp-json\/wp\/v2\/product_tag?post=1343916"},{"taxonomy":"brand","embeddable":true,"href":"https:\/\/games.tactic.net\/da\/wp-json\/wp\/v2\/brand?post=1343916"},{"taxonomy":"target-group","embeddable":true,"href":"https:\/\/games.tactic.net\/da\/wp-json\/wp\/v2\/target-group?post=1343916"},{"taxonomy":"discontinued","embeddable":true,"href":"https:\/\/games.tactic.net\/da\/wp-json\/wp\/v2\/discontinued?post=1343916"}],"curies":[{"name":"wp","href":"https:\/\/api.w.org\/{rel}","templated":true}]}}