{"id":1343753,"date":"2023-11-07T07:37:49","date_gmt":"2023-11-07T05:37:49","guid":{"rendered":"https:\/\/games.tactic.net\/tuote\/fantus-stableklosser-i-tre-16-cm\/"},"modified":"2023-11-07T10:42:53","modified_gmt":"2023-11-07T08:42:53","slug":"fantus-stableklosser-i-tre-16-cm","status":"publish","type":"product","link":"https:\/\/games.tactic.net\/da\/tuote\/fantus-stableklosser-i-tre-16-cm\/","title":{"rendered":"Fantus stablet\u00e5rn i tr\u00e6. 16 cm."},"content":{"rendered":"<p>Serien af \u200b\u200bFantus tr\u00e6leget\u00f8j er inspireret af Minibarna p\u00e5 NRK Super! Formerne og farverne kan genkendes fra den popul\u00e6re serie p\u00e5 b\u00f8rne-tv. Dette stablet\u00e5rn er lavet af h\u00f8jkvalitets tr\u00e6 og er velegnet til de allermindste b\u00f8rn. Leget\u00f8jet opfylder alle sikkerhedskrav. H\u00f8jde: 16 cm. Fra 0 \u00e5r.<\/p>\n","protected":false},"excerpt":{"rendered":"<p>Fantus stablet\u00e5rn i tr\u00e6<\/p>\n","protected":false},"featured_media":0,"template":"","meta":{"content-type":"","_monsterinsights_skip_tracking":false,"_monsterinsights_sitenote_active":false,"_monsterinsights_sitenote_note":"","_monsterinsights_sitenote_category":0},"product_brand":[],"product_cat":[777],"product_tag":[],"brand":[],"target-group":[],"discontinued":[],"class_list":{"0":"post-1343753","1":"product","2":"type-product","3":"status-publish","5":"product_cat-legetoej","7":"first","8":"instock","9":"taxable","10":"shipping-taxable","11":"product-type-simple"},"aioseo_notices":[],"_links":{"self":[{"href":"https:\/\/games.tactic.net\/da\/wp-json\/wp\/v2\/product\/1343753","targetHints":{"allow":["GET"]}}],"collection":[{"href":"https:\/\/games.tactic.net\/da\/wp-json\/wp\/v2\/product"}],"about":[{"href":"https:\/\/games.tactic.net\/da\/wp-json\/wp\/v2\/types\/product"}],"wp:attachment":[{"href":"https:\/\/games.tactic.net\/da\/wp-json\/wp\/v2\/media?parent=1343753"}],"wp:term":[{"taxonomy":"product_brand","embeddable":true,"href":"https:\/\/games.tactic.net\/da\/wp-json\/wp\/v2\/product_brand?post=1343753"},{"taxonomy":"product_cat","embeddable":true,"href":"https:\/\/games.tactic.net\/da\/wp-json\/wp\/v2\/product_cat?post=1343753"},{"taxonomy":"product_tag","embeddable":true,"href":"https:\/\/games.tactic.net\/da\/wp-json\/wp\/v2\/product_tag?post=1343753"},{"taxonomy":"brand","embeddable":true,"href":"https:\/\/games.tactic.net\/da\/wp-json\/wp\/v2\/brand?post=1343753"},{"taxonomy":"target-group","embeddable":true,"href":"https:\/\/games.tactic.net\/da\/wp-json\/wp\/v2\/target-group?post=1343753"},{"taxonomy":"discontinued","embeddable":true,"href":"https:\/\/games.tactic.net\/da\/wp-json\/wp\/v2\/discontinued?post=1343753"}],"curies":[{"name":"wp","href":"https:\/\/api.w.org\/{rel}","templated":true}]}}