{"id":1343668,"date":"2023-11-03T17:18:51","date_gmt":"2023-11-03T15:18:51","guid":{"rendered":"https:\/\/games.tactic.net\/tuote\/fantus-byggeklosser-i-tre-30-deler\/"},"modified":"2023-11-07T10:43:14","modified_gmt":"2023-11-07T08:43:14","slug":"fantus-byggeklosser-i-tre-30-deler","status":"publish","type":"product","link":"https:\/\/games.tactic.net\/da\/tuote\/fantus-byggeklosser-i-tre-30-deler\/","title":{"rendered":"TSI Fantus byggekloser i 30 dele"},"content":{"rendered":"<p>Serien af \u200b\u200bFantus tr\u00e6leget\u00f8j er inspireret af Minibarna p\u00e5 NRK Super! Formerne og farverne kan genkendes fra den popul\u00e6re serie p\u00e5 b\u00f8rne-tv. Dette s\u00e6t med 30 byggeklodser er lavet af h\u00f8jkvalitets tr\u00e6 og er velegnet til de allermindste b\u00f8rn. Leget\u00f8jet opfylder alle sikkerhedskrav. Fra 0 \u00e5r.<\/p>\n","protected":false},"excerpt":{"rendered":"<p>Fantus byggeklodser i tr\u00e6 30 stk.<\/p>\n","protected":false},"featured_media":0,"template":"","meta":{"content-type":"","_monsterinsights_skip_tracking":false,"_monsterinsights_sitenote_active":false,"_monsterinsights_sitenote_note":"","_monsterinsights_sitenote_category":0},"product_brand":[],"product_cat":[777],"product_tag":[],"brand":[],"target-group":[],"discontinued":[],"class_list":{"0":"post-1343668","1":"product","2":"type-product","3":"status-publish","5":"product_cat-legetoej","7":"first","8":"instock","9":"taxable","10":"shipping-taxable","11":"product-type-simple"},"aioseo_notices":[],"_links":{"self":[{"href":"https:\/\/games.tactic.net\/da\/wp-json\/wp\/v2\/product\/1343668","targetHints":{"allow":["GET"]}}],"collection":[{"href":"https:\/\/games.tactic.net\/da\/wp-json\/wp\/v2\/product"}],"about":[{"href":"https:\/\/games.tactic.net\/da\/wp-json\/wp\/v2\/types\/product"}],"wp:attachment":[{"href":"https:\/\/games.tactic.net\/da\/wp-json\/wp\/v2\/media?parent=1343668"}],"wp:term":[{"taxonomy":"product_brand","embeddable":true,"href":"https:\/\/games.tactic.net\/da\/wp-json\/wp\/v2\/product_brand?post=1343668"},{"taxonomy":"product_cat","embeddable":true,"href":"https:\/\/games.tactic.net\/da\/wp-json\/wp\/v2\/product_cat?post=1343668"},{"taxonomy":"product_tag","embeddable":true,"href":"https:\/\/games.tactic.net\/da\/wp-json\/wp\/v2\/product_tag?post=1343668"},{"taxonomy":"brand","embeddable":true,"href":"https:\/\/games.tactic.net\/da\/wp-json\/wp\/v2\/brand?post=1343668"},{"taxonomy":"target-group","embeddable":true,"href":"https:\/\/games.tactic.net\/da\/wp-json\/wp\/v2\/target-group?post=1343668"},{"taxonomy":"discontinued","embeddable":true,"href":"https:\/\/games.tactic.net\/da\/wp-json\/wp\/v2\/discontinued?post=1343668"}],"curies":[{"name":"wp","href":"https:\/\/api.w.org\/{rel}","templated":true}]}}