{"id":1343418,"date":"2023-11-02T11:16:08","date_gmt":"2023-11-02T09:16:08","guid":{"rendered":"https:\/\/games.tactic.net\/tuote\/skoenne-dyreunger-min-foerste-foelebog\/"},"modified":"2024-11-08T14:21:36","modified_gmt":"2024-11-08T12:21:36","slug":"skoenne-dyreunger-min-foerste-foelebog","status":"publish","type":"product","link":"https:\/\/games.tactic.net\/da\/tuote\/skoenne-dyreunger-min-foerste-foelebog\/","title":{"rendered":"Tactic Sk\u00f8nne dyreunger Min F\u00f8rste F\u00f8lebog"},"content":{"rendered":"<p>En f\u00f8lebog! Se de sk\u00f8nne dyreunger og r\u00f8r ved deres bl\u00f8de pels!<\/p>\n","protected":false},"excerpt":{"rendered":"<p>En f\u00f8lebog! Se de sk\u00f8nne dyreunger og r\u00f8r ved deres bl\u00f8de pels!<\/p>\n","protected":false},"featured_media":0,"template":"","meta":{"content-type":"","_monsterinsights_skip_tracking":false,"_monsterinsights_sitenote_active":false,"_monsterinsights_sitenote_note":"","_monsterinsights_sitenote_category":0},"product_brand":[],"product_cat":[1687],"product_tag":[],"brand":[],"target-group":[],"discontinued":[],"class_list":{"0":"post-1343418","1":"product","2":"type-product","3":"status-publish","5":"product_cat-mine-foerste-boeger","7":"first","8":"instock","9":"taxable","10":"shipping-taxable","11":"product-type-simple"},"aioseo_notices":[],"_links":{"self":[{"href":"https:\/\/games.tactic.net\/da\/wp-json\/wp\/v2\/product\/1343418","targetHints":{"allow":["GET"]}}],"collection":[{"href":"https:\/\/games.tactic.net\/da\/wp-json\/wp\/v2\/product"}],"about":[{"href":"https:\/\/games.tactic.net\/da\/wp-json\/wp\/v2\/types\/product"}],"wp:attachment":[{"href":"https:\/\/games.tactic.net\/da\/wp-json\/wp\/v2\/media?parent=1343418"}],"wp:term":[{"taxonomy":"product_brand","embeddable":true,"href":"https:\/\/games.tactic.net\/da\/wp-json\/wp\/v2\/product_brand?post=1343418"},{"taxonomy":"product_cat","embeddable":true,"href":"https:\/\/games.tactic.net\/da\/wp-json\/wp\/v2\/product_cat?post=1343418"},{"taxonomy":"product_tag","embeddable":true,"href":"https:\/\/games.tactic.net\/da\/wp-json\/wp\/v2\/product_tag?post=1343418"},{"taxonomy":"brand","embeddable":true,"href":"https:\/\/games.tactic.net\/da\/wp-json\/wp\/v2\/brand?post=1343418"},{"taxonomy":"target-group","embeddable":true,"href":"https:\/\/games.tactic.net\/da\/wp-json\/wp\/v2\/target-group?post=1343418"},{"taxonomy":"discontinued","embeddable":true,"href":"https:\/\/games.tactic.net\/da\/wp-json\/wp\/v2\/discontinued?post=1343418"}],"curies":[{"name":"wp","href":"https:\/\/api.w.org\/{rel}","templated":true}]}}