{"id":1343417,"date":"2023-11-02T11:16:04","date_gmt":"2023-11-02T09:16:04","guid":{"rendered":"https:\/\/games.tactic.net\/tuote\/dyr-min-foerste-pegebog\/"},"modified":"2024-11-08T14:29:19","modified_gmt":"2024-11-08T12:29:19","slug":"dyr-min-foerste-pegebog","status":"publish","type":"product","link":"https:\/\/games.tactic.net\/da\/tuote\/dyr-min-foerste-pegebog\/","title":{"rendered":"Tactic Dyr Min F\u00f8rste Pegebog"},"content":{"rendered":"<p>Ved du hvordan et f\u00e5r, en tiger og en marieh\u00f8ne ser ud? Kig p\u00e5 billederne og l\u00e6r dyrenes navne.<\/p>\n","protected":false},"excerpt":{"rendered":"<p>Ved du hvordan et f\u00e5r, en tiger og en marieh\u00f8ne ser ud? Kig p\u00e5 billederne og l\u00e6r dyrenes navne.<\/p>\n","protected":false},"featured_media":0,"template":"","meta":{"content-type":"","_monsterinsights_skip_tracking":false,"_monsterinsights_sitenote_active":false,"_monsterinsights_sitenote_note":"","_monsterinsights_sitenote_category":0},"product_brand":[],"product_cat":[1687],"product_tag":[],"brand":[],"target-group":[],"discontinued":[],"class_list":{"0":"post-1343417","1":"product","2":"type-product","3":"status-publish","5":"product_cat-mine-foerste-boeger","7":"first","8":"outofstock","9":"taxable","10":"shipping-taxable","11":"product-type-simple"},"aioseo_notices":[],"_links":{"self":[{"href":"https:\/\/games.tactic.net\/da\/wp-json\/wp\/v2\/product\/1343417","targetHints":{"allow":["GET"]}}],"collection":[{"href":"https:\/\/games.tactic.net\/da\/wp-json\/wp\/v2\/product"}],"about":[{"href":"https:\/\/games.tactic.net\/da\/wp-json\/wp\/v2\/types\/product"}],"wp:attachment":[{"href":"https:\/\/games.tactic.net\/da\/wp-json\/wp\/v2\/media?parent=1343417"}],"wp:term":[{"taxonomy":"product_brand","embeddable":true,"href":"https:\/\/games.tactic.net\/da\/wp-json\/wp\/v2\/product_brand?post=1343417"},{"taxonomy":"product_cat","embeddable":true,"href":"https:\/\/games.tactic.net\/da\/wp-json\/wp\/v2\/product_cat?post=1343417"},{"taxonomy":"product_tag","embeddable":true,"href":"https:\/\/games.tactic.net\/da\/wp-json\/wp\/v2\/product_tag?post=1343417"},{"taxonomy":"brand","embeddable":true,"href":"https:\/\/games.tactic.net\/da\/wp-json\/wp\/v2\/brand?post=1343417"},{"taxonomy":"target-group","embeddable":true,"href":"https:\/\/games.tactic.net\/da\/wp-json\/wp\/v2\/target-group?post=1343417"},{"taxonomy":"discontinued","embeddable":true,"href":"https:\/\/games.tactic.net\/da\/wp-json\/wp\/v2\/discontinued?post=1343417"}],"curies":[{"name":"wp","href":"https:\/\/api.w.org\/{rel}","templated":true}]}}