{"id":1343413,"date":"2023-11-02T11:15:45","date_gmt":"2023-11-02T09:15:45","guid":{"rendered":"https:\/\/games.tactic.net\/tuote\/bruder-man-tgs-truck-with-3-glass-recycling-containers-and-bottles\/"},"modified":"2024-11-19T09:42:49","modified_gmt":"2024-11-19T07:42:49","slug":"bruder-man-tgs-truck-with-3-glass-recycling-containers-and-bottles","status":"archive","type":"product","link":"https:\/\/games.tactic.net\/da\/tuote\/bruder-man-tgs-truck-with-3-glass-recycling-containers-and-bottles\/","title":{"rendered":"Bruder MAN TGS Truck with 3 glass recycling containers  bottles toy"},"content":{"rendered":"<p>Genanvendelse til produktion af r\u00e5varer er en vigtig \u00f8konomisk faktor i dag. MAN TGS er ogs\u00e5 den perfekte partner i denne branche. Takket v\u00e6re et holdbart design, med kraftige motorer p\u00e5 op til 500 hk og en nyttelast over gennemsnittet, er denne lastbil prototypen p\u00e5 det ofte beskrevne &#8220;all-round k\u00f8ret\u00f8j&#8221;. Det vigtige emne genbrug kan nu ogs\u00e5 opleves p\u00e5 b\u00f8rnev\u00e6relset. BRUDER-modellen af \u200b\u200bMAN TGS kranbil med glasopsamlingsbeholdere i skala 1:16 er fremragende udstyret til dette. Det tofarvede f\u00f8rerhus har d\u00f8re, der kan \u00e5bnes for at give enhver bworld-figur en moderne arbejdsplads. P\u00e5 f\u00f8rerhuset kan der monteres lys- og lydmodul (varenr. 02801). Med den nye og mere brugervenlige l\u00e6ssekran kan de medf\u00f8lgende glasopsamlingsbeholdere l\u00e6sses og t\u00f8mmes. For at \u00f8ge den p\u00e6dagogiske og sjove faktor medf\u00f8lger ogs\u00e5 farvekoordinerede flasker. Sidestykkerne p\u00e5 k\u00f8ret\u00f8jet kan foldes ned p\u00e5 3 sider og inkluderer en l\u00e5sbar vippemekanisme.<\/p>\n","protected":false},"excerpt":{"rendered":"<p>Bruder MAN TGS lastbil med 3 containere til genbrugsprodukter.<\/p>\n","protected":false},"featured_media":0,"template":"","meta":{"content-type":"","_monsterinsights_skip_tracking":false,"_monsterinsights_sitenote_active":false,"_monsterinsights_sitenote_note":"","_monsterinsights_sitenote_category":0},"product_brand":[],"product_cat":[1498],"product_tag":[],"brand":[],"target-group":[],"discontinued":[],"class_list":{"0":"post-1343413","1":"product","2":"type-product","3":"status-archive","5":"product_cat-bruder-legetoej","7":"first","8":"outofstock","9":"taxable","10":"shipping-taxable","11":"product-type-simple"},"aioseo_notices":[],"_links":{"self":[{"href":"https:\/\/games.tactic.net\/da\/wp-json\/wp\/v2\/product\/1343413","targetHints":{"allow":["GET"]}}],"collection":[{"href":"https:\/\/games.tactic.net\/da\/wp-json\/wp\/v2\/product"}],"about":[{"href":"https:\/\/games.tactic.net\/da\/wp-json\/wp\/v2\/types\/product"}],"wp:attachment":[{"href":"https:\/\/games.tactic.net\/da\/wp-json\/wp\/v2\/media?parent=1343413"}],"wp:term":[{"taxonomy":"product_brand","embeddable":true,"href":"https:\/\/games.tactic.net\/da\/wp-json\/wp\/v2\/product_brand?post=1343413"},{"taxonomy":"product_cat","embeddable":true,"href":"https:\/\/games.tactic.net\/da\/wp-json\/wp\/v2\/product_cat?post=1343413"},{"taxonomy":"product_tag","embeddable":true,"href":"https:\/\/games.tactic.net\/da\/wp-json\/wp\/v2\/product_tag?post=1343413"},{"taxonomy":"brand","embeddable":true,"href":"https:\/\/games.tactic.net\/da\/wp-json\/wp\/v2\/brand?post=1343413"},{"taxonomy":"target-group","embeddable":true,"href":"https:\/\/games.tactic.net\/da\/wp-json\/wp\/v2\/target-group?post=1343413"},{"taxonomy":"discontinued","embeddable":true,"href":"https:\/\/games.tactic.net\/da\/wp-json\/wp\/v2\/discontinued?post=1343413"}],"curies":[{"name":"wp","href":"https:\/\/api.w.org\/{rel}","templated":true}]}}