{"id":1343409,"date":"2023-11-02T11:15:28","date_gmt":"2023-11-02T09:15:28","guid":{"rendered":"https:\/\/games.tactic.net\/tuote\/doodle-doo\/"},"modified":"2023-11-02T11:15:28","modified_gmt":"2023-11-02T09:15:28","slug":"doodle-doo","status":"publish","type":"product","link":"https:\/\/games.tactic.net\/da\/tuote\/doodle-doo\/","title":{"rendered":"Tactic Doodle Doo"},"content":{"rendered":"<p>Kan du finde vej gennem dyrelabyrinten? S\u00e6t din blyant p\u00e5 spillepladen, tag en maske for \u00f8jnene og tegn. Du kan forts\u00e6tte, indtil nogen trykker p\u00e5 pruttepuden \u2013 s\u00e5 ved du, at du kom over stregen. Vinderen er den f\u00f8rste, som n\u00e5r m\u00e5l.<\/p>\n","protected":false},"excerpt":{"rendered":"<p>Kan du finde vej gennem dyrelabyrinten? S\u00e6t din blyant p\u00e5 spillepladen, tag en maske for \u00f8jnene og tegn. Du kan forts\u00e6tte, indtil nogen trykker p\u00e5 pruttepuden \u2013 s\u00e5 ved du, at du kom over stregen. Vinderen er den f\u00f8rste, som n\u00e5r m\u00e5l.<\/p>\n","protected":false},"featured_media":0,"template":"","meta":{"content-type":"","_monsterinsights_skip_tracking":false,"_monsterinsights_sitenote_active":false,"_monsterinsights_sitenote_note":"","_monsterinsights_sitenote_category":0},"product_brand":[],"product_cat":[542],"product_tag":[],"brand":[],"target-group":[],"discontinued":[],"class_list":{"0":"post-1343409","1":"product","2":"type-product","3":"status-publish","5":"product_cat-familiespil","7":"first","8":"instock","9":"taxable","10":"shipping-taxable","11":"product-type-simple"},"aioseo_notices":[],"_links":{"self":[{"href":"https:\/\/games.tactic.net\/da\/wp-json\/wp\/v2\/product\/1343409","targetHints":{"allow":["GET"]}}],"collection":[{"href":"https:\/\/games.tactic.net\/da\/wp-json\/wp\/v2\/product"}],"about":[{"href":"https:\/\/games.tactic.net\/da\/wp-json\/wp\/v2\/types\/product"}],"wp:attachment":[{"href":"https:\/\/games.tactic.net\/da\/wp-json\/wp\/v2\/media?parent=1343409"}],"wp:term":[{"taxonomy":"product_brand","embeddable":true,"href":"https:\/\/games.tactic.net\/da\/wp-json\/wp\/v2\/product_brand?post=1343409"},{"taxonomy":"product_cat","embeddable":true,"href":"https:\/\/games.tactic.net\/da\/wp-json\/wp\/v2\/product_cat?post=1343409"},{"taxonomy":"product_tag","embeddable":true,"href":"https:\/\/games.tactic.net\/da\/wp-json\/wp\/v2\/product_tag?post=1343409"},{"taxonomy":"brand","embeddable":true,"href":"https:\/\/games.tactic.net\/da\/wp-json\/wp\/v2\/brand?post=1343409"},{"taxonomy":"target-group","embeddable":true,"href":"https:\/\/games.tactic.net\/da\/wp-json\/wp\/v2\/target-group?post=1343409"},{"taxonomy":"discontinued","embeddable":true,"href":"https:\/\/games.tactic.net\/da\/wp-json\/wp\/v2\/discontinued?post=1343409"}],"curies":[{"name":"wp","href":"https:\/\/api.w.org\/{rel}","templated":true}]}}