{"id":1343388,"date":"2023-11-02T11:13:56","date_gmt":"2023-11-02T09:13:56","guid":{"rendered":"https:\/\/games.tactic.net\/tuote\/bruder-mb-sprinter-ups-with-driver-and-accessories\/"},"modified":"2023-11-02T11:13:56","modified_gmt":"2023-11-02T09:13:56","slug":"bruder-mb-sprinter-ups-with-driver-and-accessories","status":"publish","type":"product","link":"https:\/\/games.tactic.net\/da\/tuote\/bruder-mb-sprinter-ups-with-driver-and-accessories\/","title":{"rendered":"Bruder Mercedes-Benz Sprinter UPS with driver and accessories toy"},"content":{"rendered":"<p>MB Sprinter er et af de vigtigste k\u00f8ret\u00f8jer i sortimentet. MB st\u00e5r for Mercedes Benz og er kendt for sin kvalitet i bilindustrien. Derudover er UPS, en af \u200b\u200bverdens f\u00f8rende udbydere af shippingtjenester, ogs\u00e5 afh\u00e6ngige af Sprinter som k\u00f8ret\u00f8j. Med denne MB Sprinter UPS kan du nu sende alle dine pakker til tiden. Det er et praktisk og uundv\u00e6rligt v\u00e6rkt\u00f8j for alle i logistikbranchen.<br \/>\nK\u00f8ret\u00f8jet har en todelt bagd\u00f8r, der kan \u00e5bnes op, og her f\u00e5r du ogs\u00e5 et bagagerum, der kan rumme de st\u00f8rste pakker, du kan forestille dig. For at spare tid kan din fragtmand ogs\u00e5 \u00e5bne sided\u00f8ren i bagagerummet for at hente sm\u00e5 pakker til borgerne.<br \/>\nI pakken f\u00e5r du diverse tilbeh\u00f8r udover transport\u00f8ren og bilen. Tilbeh\u00f8ret inkluderer en manuel pallekasse og to europaller til lastning. For at g\u00f8re det sjovere f\u00e5r du ogs\u00e5 de typiske UPS-forsendelseskasser i forskellige st\u00f8rrelser inkluderet.<\/p>\n","protected":false},"excerpt":{"rendered":"<p>Bruder Mercedez-Benz Sprinter UPS med chauff\u00f8r og  tilbeh\u00f8r. <\/p>\n<p>I pakken f\u00e5r du diverse tilbeh\u00f8r udover transport\u00f8ren og bilen. Tilbeh\u00f8ret inkluderer en manuel pallekasse og to europaller til lastning. For at g\u00f8re det sjovere f\u00e5r du ogs\u00e5 de typiske UPS-forsendelseskasser i forskellige st\u00f8rrelser inkluderet.<\/p>\n","protected":false},"featured_media":0,"template":"","meta":{"content-type":"","_monsterinsights_skip_tracking":false,"_monsterinsights_sitenote_active":false,"_monsterinsights_sitenote_note":"","_monsterinsights_sitenote_category":0},"product_brand":[],"product_cat":[1498],"product_tag":[],"brand":[],"target-group":[],"discontinued":[],"class_list":{"0":"post-1343388","1":"product","2":"type-product","3":"status-publish","5":"product_cat-bruder-legetoej","7":"first","8":"instock","9":"taxable","10":"shipping-taxable","11":"product-type-simple"},"aioseo_notices":[],"_links":{"self":[{"href":"https:\/\/games.tactic.net\/da\/wp-json\/wp\/v2\/product\/1343388","targetHints":{"allow":["GET"]}}],"collection":[{"href":"https:\/\/games.tactic.net\/da\/wp-json\/wp\/v2\/product"}],"about":[{"href":"https:\/\/games.tactic.net\/da\/wp-json\/wp\/v2\/types\/product"}],"wp:attachment":[{"href":"https:\/\/games.tactic.net\/da\/wp-json\/wp\/v2\/media?parent=1343388"}],"wp:term":[{"taxonomy":"product_brand","embeddable":true,"href":"https:\/\/games.tactic.net\/da\/wp-json\/wp\/v2\/product_brand?post=1343388"},{"taxonomy":"product_cat","embeddable":true,"href":"https:\/\/games.tactic.net\/da\/wp-json\/wp\/v2\/product_cat?post=1343388"},{"taxonomy":"product_tag","embeddable":true,"href":"https:\/\/games.tactic.net\/da\/wp-json\/wp\/v2\/product_tag?post=1343388"},{"taxonomy":"brand","embeddable":true,"href":"https:\/\/games.tactic.net\/da\/wp-json\/wp\/v2\/brand?post=1343388"},{"taxonomy":"target-group","embeddable":true,"href":"https:\/\/games.tactic.net\/da\/wp-json\/wp\/v2\/target-group?post=1343388"},{"taxonomy":"discontinued","embeddable":true,"href":"https:\/\/games.tactic.net\/da\/wp-json\/wp\/v2\/discontinued?post=1343388"}],"curies":[{"name":"wp","href":"https:\/\/api.w.org\/{rel}","templated":true}]}}