{"id":1343387,"date":"2023-11-02T11:13:01","date_gmt":"2023-11-02T09:13:01","guid":{"rendered":"https:\/\/games.tactic.net\/tuote\/bruder-tank-trailer-for-trucks\/"},"modified":"2024-09-20T11:20:16","modified_gmt":"2024-09-20T08:20:16","slug":"bruder-tank-trailer-for-trucks","status":"archive","type":"product","link":"https:\/\/games.tactic.net\/da\/tuote\/bruder-tank-trailer-for-trucks\/","title":{"rendered":"Bruder Tank trailer for trucks toy"},"content":{"rendered":"<p>Tankvogn, ideelt supplement til MAN TGS og MACK tankbiler. Med aftageligt tr\u00e6k og tandemst\u00f8tteben for stabilitet, n\u00e5r det ikke er tilkoblet, rullende hjul p\u00e5 dobbelte flydende aksler, d\u00e6km\u00f8nsterdetaljer. Fuldt funktionel tank rummer cirka 390 ml v\u00e6ske. Fyld tanken, opbyg trykket ved hj\u00e6lp af den manuelt betjente pumpe, betjen derefter l\u00e5segrebet for at bruge udl\u00f8bsenheden til at dr\u00e6ne vandet gennem slangen<\/p>\n","protected":false},"excerpt":{"rendered":"<p>Bruder Tankvogn for lastbiler.<\/p>\n","protected":false},"featured_media":0,"template":"","meta":{"content-type":"","_monsterinsights_skip_tracking":false,"_monsterinsights_sitenote_active":false,"_monsterinsights_sitenote_note":"","_monsterinsights_sitenote_category":0},"product_brand":[],"product_cat":[1498,2088],"product_tag":[],"brand":[],"target-group":[],"discontinued":[],"class_list":{"0":"post-1343387","1":"product","2":"type-product","3":"status-archive","5":"product_cat-bruder-legetoej","6":"product_cat-outlet-4","8":"first","9":"outofstock","10":"sale","11":"taxable","12":"shipping-taxable","13":"product-type-simple"},"aioseo_notices":[],"_links":{"self":[{"href":"https:\/\/games.tactic.net\/da\/wp-json\/wp\/v2\/product\/1343387","targetHints":{"allow":["GET"]}}],"collection":[{"href":"https:\/\/games.tactic.net\/da\/wp-json\/wp\/v2\/product"}],"about":[{"href":"https:\/\/games.tactic.net\/da\/wp-json\/wp\/v2\/types\/product"}],"wp:attachment":[{"href":"https:\/\/games.tactic.net\/da\/wp-json\/wp\/v2\/media?parent=1343387"}],"wp:term":[{"taxonomy":"product_brand","embeddable":true,"href":"https:\/\/games.tactic.net\/da\/wp-json\/wp\/v2\/product_brand?post=1343387"},{"taxonomy":"product_cat","embeddable":true,"href":"https:\/\/games.tactic.net\/da\/wp-json\/wp\/v2\/product_cat?post=1343387"},{"taxonomy":"product_tag","embeddable":true,"href":"https:\/\/games.tactic.net\/da\/wp-json\/wp\/v2\/product_tag?post=1343387"},{"taxonomy":"brand","embeddable":true,"href":"https:\/\/games.tactic.net\/da\/wp-json\/wp\/v2\/brand?post=1343387"},{"taxonomy":"target-group","embeddable":true,"href":"https:\/\/games.tactic.net\/da\/wp-json\/wp\/v2\/target-group?post=1343387"},{"taxonomy":"discontinued","embeddable":true,"href":"https:\/\/games.tactic.net\/da\/wp-json\/wp\/v2\/discontinued?post=1343387"}],"curies":[{"name":"wp","href":"https:\/\/api.w.org\/{rel}","templated":true}]}}