{"id":1343386,"date":"2023-11-02T11:12:48","date_gmt":"2023-11-02T09:12:48","guid":{"rendered":"https:\/\/games.tactic.net\/tuote\/bruder-man-tgs-rear-loading-garbage-truck-orange\/"},"modified":"2024-09-20T11:19:33","modified_gmt":"2024-09-20T08:19:33","slug":"bruder-man-tgs-rear-loading-garbage-truck-orange","status":"archive","type":"product","link":"https:\/\/games.tactic.net\/da\/tuote\/bruder-man-tgs-rear-loading-garbage-truck-orange\/","title":{"rendered":"Bruder MAN TGS Rear loading garbage truck orange toy"},"content":{"rendered":"<p>Bruders seneste skraldebil er baseret p\u00e5 den velkendte MAN TGA. F\u00f8rerhuset kan vippes op og giver udsyn til motorblokken. Denne avancerede bagl\u00e6sser transporterer affald til komprimeringskammeret ved hj\u00e6lp af to spiralformede transport\u00f8rer, ligesom orignalen. T\u00f8m de medf\u00f8lgende skraldespande i containeren. Containeren t\u00f8mmes ved at \u00e5bne bagklappen som l\u00e5ser i endeposition. Dette detaljerede leget\u00f8j g\u00f8r det muligt for b\u00f8rn af opleve sp\u00e6ndende opgaver relateret til genbrug og affald p\u00e5 en realistisk m\u00e5de.<\/p>\n","protected":false},"excerpt":{"rendered":"<p>Bruder MAN TGA orange skraldebil. Der med f\u00f8lger skraldespande, som barnet kan t\u00f8mme ind i containteren. Der kan tilk\u00f8bes ekstra skraldespande. Dette detaljerede leget\u00f8j g\u00f8r det muligt for b\u00f8rn af opleve sp\u00e6ndende opgaver relateret til genbrug og affald p\u00e5 en realistisk m\u00e5de.<\/p>\n","protected":false},"featured_media":0,"template":"","meta":{"content-type":"","_monsterinsights_skip_tracking":false,"_monsterinsights_sitenote_active":false,"_monsterinsights_sitenote_note":"","_monsterinsights_sitenote_category":0},"product_brand":[],"product_cat":[1498],"product_tag":[],"brand":[],"target-group":[],"discontinued":[],"class_list":{"0":"post-1343386","1":"product","2":"type-product","3":"status-archive","5":"product_cat-bruder-legetoej","7":"first","8":"outofstock","9":"taxable","10":"shipping-taxable","11":"product-type-simple"},"aioseo_notices":[],"_links":{"self":[{"href":"https:\/\/games.tactic.net\/da\/wp-json\/wp\/v2\/product\/1343386","targetHints":{"allow":["GET"]}}],"collection":[{"href":"https:\/\/games.tactic.net\/da\/wp-json\/wp\/v2\/product"}],"about":[{"href":"https:\/\/games.tactic.net\/da\/wp-json\/wp\/v2\/types\/product"}],"wp:attachment":[{"href":"https:\/\/games.tactic.net\/da\/wp-json\/wp\/v2\/media?parent=1343386"}],"wp:term":[{"taxonomy":"product_brand","embeddable":true,"href":"https:\/\/games.tactic.net\/da\/wp-json\/wp\/v2\/product_brand?post=1343386"},{"taxonomy":"product_cat","embeddable":true,"href":"https:\/\/games.tactic.net\/da\/wp-json\/wp\/v2\/product_cat?post=1343386"},{"taxonomy":"product_tag","embeddable":true,"href":"https:\/\/games.tactic.net\/da\/wp-json\/wp\/v2\/product_tag?post=1343386"},{"taxonomy":"brand","embeddable":true,"href":"https:\/\/games.tactic.net\/da\/wp-json\/wp\/v2\/brand?post=1343386"},{"taxonomy":"target-group","embeddable":true,"href":"https:\/\/games.tactic.net\/da\/wp-json\/wp\/v2\/target-group?post=1343386"},{"taxonomy":"discontinued","embeddable":true,"href":"https:\/\/games.tactic.net\/da\/wp-json\/wp\/v2\/discontinued?post=1343386"}],"curies":[{"name":"wp","href":"https:\/\/api.w.org\/{rel}","templated":true}]}}