{"id":1342103,"date":"2023-10-27T12:08:12","date_gmt":"2023-10-27T09:08:12","guid":{"rendered":"https:\/\/games.tactic.net\/tuote\/bruder-bworld-construction-set\/"},"modified":"2023-10-27T12:08:12","modified_gmt":"2023-10-27T09:08:12","slug":"bruder-bworld-construction-set","status":"publish","type":"product","link":"https:\/\/games.tactic.net\/da\/tuote\/bruder-bworld-construction-set\/","title":{"rendered":"Bruder bworld Construction set toy"},"content":{"rendered":"<p>Det nye bworld-bygges\u00e6t fungerer som kontaktpunkt for en lang r\u00e6kke k\u00f8ret\u00f8jer fra BRUDERs enorme temaverdener inden for bygge- og erhvervsk\u00f8ret\u00f8jer. Dette temas\u00e6t lader sm\u00e5 byggearbejdere realistisk genskabe en bred vifte af byggeplads scener. Byggehegn sikrer byggepladsomr\u00e5det. I leveringsomfanget indg\u00e5r ogs\u00e5 en vibrationsplade og en m\u00f8rtelblandemaskine til byggearbejdet. Der medf\u00f8lger naturligvis ogs\u00e5 et mobilt toilet til bygningsarbejderen. bworld bygges\u00e6ttet er s\u00e6rligt velegnet som forl\u00e6ngelse til MB Sprinter kommunalt k\u00f8ret\u00f8j (varenr. 02677), Cat minigraveren (varenr. 02466) eller JCB MIDI rendegraveren (varenr. 02427).<\/p>\n","protected":false},"excerpt":{"rendered":"<p>Bruder bworld konstruktions s\u00e6t. Pakken indeholder 1 stk arbejds mand figur, cement blander, trilleb\u00f8r, pladevibrator og andet tilbeh\u00f8r<\/p>\n","protected":false},"featured_media":0,"template":"","meta":{"content-type":"","_monsterinsights_skip_tracking":false,"_monsterinsights_sitenote_active":false,"_monsterinsights_sitenote_note":"","_monsterinsights_sitenote_category":0},"product_brand":[],"product_cat":[1498],"product_tag":[],"brand":[],"target-group":[],"discontinued":[],"class_list":{"0":"post-1342103","1":"product","2":"type-product","3":"status-publish","5":"product_cat-bruder-legetoej","7":"first","8":"outofstock","9":"taxable","10":"shipping-taxable","11":"product-type-simple"},"aioseo_notices":[],"_links":{"self":[{"href":"https:\/\/games.tactic.net\/da\/wp-json\/wp\/v2\/product\/1342103","targetHints":{"allow":["GET"]}}],"collection":[{"href":"https:\/\/games.tactic.net\/da\/wp-json\/wp\/v2\/product"}],"about":[{"href":"https:\/\/games.tactic.net\/da\/wp-json\/wp\/v2\/types\/product"}],"wp:attachment":[{"href":"https:\/\/games.tactic.net\/da\/wp-json\/wp\/v2\/media?parent=1342103"}],"wp:term":[{"taxonomy":"product_brand","embeddable":true,"href":"https:\/\/games.tactic.net\/da\/wp-json\/wp\/v2\/product_brand?post=1342103"},{"taxonomy":"product_cat","embeddable":true,"href":"https:\/\/games.tactic.net\/da\/wp-json\/wp\/v2\/product_cat?post=1342103"},{"taxonomy":"product_tag","embeddable":true,"href":"https:\/\/games.tactic.net\/da\/wp-json\/wp\/v2\/product_tag?post=1342103"},{"taxonomy":"brand","embeddable":true,"href":"https:\/\/games.tactic.net\/da\/wp-json\/wp\/v2\/brand?post=1342103"},{"taxonomy":"target-group","embeddable":true,"href":"https:\/\/games.tactic.net\/da\/wp-json\/wp\/v2\/target-group?post=1342103"},{"taxonomy":"discontinued","embeddable":true,"href":"https:\/\/games.tactic.net\/da\/wp-json\/wp\/v2\/discontinued?post=1342103"}],"curies":[{"name":"wp","href":"https:\/\/api.w.org\/{rel}","templated":true}]}}