{"id":131292,"date":"2021-09-21T12:00:46","date_gmt":"2021-09-21T09:00:46","guid":{"rendered":"http:\/\/dev.tactic.net\/tuote\/larsen-zoo-maxi\/"},"modified":"2023-10-19T16:33:08","modified_gmt":"2023-10-19T13:33:08","slug":"larsen-zoo-maxi","status":"publish","type":"product","link":"https:\/\/games.tactic.net\/da\/tuote\/larsen-zoo-maxi\/","title":{"rendered":"Larsen Maxi Zoo 48 pcs Puzzle"},"content":{"rendered":"<p>Larsen Maxi Zoo 48 brikker puslespil 36,5 x 28,5 cm. Tag med p\u00e5 opdagelse i denne fantastiske og l\u00e6rerige zoologiske have. Puslespillet best\u00e5r af 48 brikker og byder p\u00e5 et farverigt safari-inspireret zoo-milj\u00f8 fyldt med dyr og liv.<\/p>\n<p>Her finder du blandt andet en familie af isbj\u00f8rne, en pool med s\u00f8l\u00f8ver, flamingoer, zebraer, giraffer, l\u00f8ver, tigre, fugle, koalaer, aber og asiatiske elefanter \u2013 samt masser af bes\u00f8gende. I alt kan du finde 16 forskellige dyrearter. Mange af brikkerne er formet som dyr, hvilket g\u00f8r puslespillet endnu mere sp\u00e6ndende.<\/p>\n<p>Det farverige og detaljerede motiv styrker b\u00e5de h\u00e5nd-\u00f8je-koordination og observationsevne og er perfekt til b\u00f8rns udvikling.<\/p>\n<p>Larsen Maxi er en puslespilsserie i h\u00f8j kvalitet til b\u00f8rn, der kombinerer l\u00e6ring og leg. Farverige illustrationer og solide rammebrikker g\u00f8r puslespillene nemme og hyggelige at samle. Larsen Maxi puslespil er ideelle til b\u00f8rn og hj\u00e6lper med at udvikle finmotorik og koncentration.<\/p>\n<p>Larsen producerer p\u00e6dagogiske puslespil i h\u00f8j kvalitet, der underst\u00f8tter l\u00e6ring gennem leg. Denne norske familievirksomhed har eksisteret siden 1953, og alle puslespil fremstilles i Norge. Sortimentet omfatter mange forskellige temaer som dyr, kort, k\u00f8ret\u00f8jer, rummet og natur. Tydelige illustrationer og holdbare brikker g\u00f8r Larsen puslespil til et godt valg for b\u00f8rn.<\/p>\n","protected":false},"excerpt":{"rendered":"<p>Larsen Maxi Zoologisk have 48 brikker puslespil 36,5 x 28,5 cm viser en farverig zoo med mange dyr. P\u00e6dagogisk puslespil underst\u00f8tter observation og motoriske f\u00e6rdigheder.<\/p>\n","protected":false},"featured_media":0,"template":"","meta":{"content-type":"","_monsterinsights_skip_tracking":false,"_monsterinsights_sitenote_active":false,"_monsterinsights_sitenote_note":"","_monsterinsights_sitenote_category":0},"product_brand":[],"product_cat":[1625],"product_tag":[1232,994,969],"brand":[],"target-group":[],"discontinued":[],"class_list":{"0":"post-131292","1":"product","2":"type-product","3":"status-publish","5":"product_cat-boerne-puslespil-puslespil","6":"product_tag-kombinere-da","7":"product_tag-sammen","8":"product_tag-tidsfordriv-2","10":"first","11":"instock","12":"taxable","13":"shipping-taxable","14":"product-type-simple"},"aioseo_notices":[],"_links":{"self":[{"href":"https:\/\/games.tactic.net\/da\/wp-json\/wp\/v2\/product\/131292","targetHints":{"allow":["GET"]}}],"collection":[{"href":"https:\/\/games.tactic.net\/da\/wp-json\/wp\/v2\/product"}],"about":[{"href":"https:\/\/games.tactic.net\/da\/wp-json\/wp\/v2\/types\/product"}],"wp:attachment":[{"href":"https:\/\/games.tactic.net\/da\/wp-json\/wp\/v2\/media?parent=131292"}],"wp:term":[{"taxonomy":"product_brand","embeddable":true,"href":"https:\/\/games.tactic.net\/da\/wp-json\/wp\/v2\/product_brand?post=131292"},{"taxonomy":"product_cat","embeddable":true,"href":"https:\/\/games.tactic.net\/da\/wp-json\/wp\/v2\/product_cat?post=131292"},{"taxonomy":"product_tag","embeddable":true,"href":"https:\/\/games.tactic.net\/da\/wp-json\/wp\/v2\/product_tag?post=131292"},{"taxonomy":"brand","embeddable":true,"href":"https:\/\/games.tactic.net\/da\/wp-json\/wp\/v2\/brand?post=131292"},{"taxonomy":"target-group","embeddable":true,"href":"https:\/\/games.tactic.net\/da\/wp-json\/wp\/v2\/target-group?post=131292"},{"taxonomy":"discontinued","embeddable":true,"href":"https:\/\/games.tactic.net\/da\/wp-json\/wp\/v2\/discontinued?post=131292"}],"curies":[{"name":"wp","href":"https:\/\/api.w.org\/{rel}","templated":true}]}}