{"id":1276386,"date":"2023-10-25T16:57:05","date_gmt":"2023-10-25T13:57:05","guid":{"rendered":"https:\/\/games.tactic.net\/tuote\/quick-words\/"},"modified":"2024-02-15T14:42:05","modified_gmt":"2024-02-15T12:42:05","slug":"quick-words","status":"publish","type":"product","link":"https:\/\/games.tactic.net\/da\/tuote\/quick-words\/","title":{"rendered":"Tactic Quick Words"},"content":{"rendered":"<p>Find ord p\u00e5 bogstavterningen. Lav ord ud fra bogstaverne p\u00e5 terningerne, mens sandet i timeren bliver ved med at l\u00f8be. F\u00e6lden er, at du ikke f\u00e5r point for ord, der vises p\u00e5 dine modstanderes plade. &#8211; Et hurtigt ordspil med masser af variation. &#8211; Sv\u00e6rhedsgraden er let at justere.<\/p>\n","protected":false},"excerpt":{"rendered":"<p>Find ord p\u00e5 bogstavterningen. Lav ord ud fra bogstaverne p\u00e5 terningerne, mens sandet i timeren bliver ved med at l\u00f8be. F\u00e6lden er, at du ikke f\u00e5r point for ord, der vises p\u00e5 dine modstanderes plade. &#8211; Et hurtigt ordspil med masser af variation. &#8211; Sv\u00e6rhedsgraden er let at justere.<\/p>\n","protected":false},"featured_media":1276372,"template":"","meta":{"content-type":"","_monsterinsights_skip_tracking":false,"_monsterinsights_sitenote_active":false,"_monsterinsights_sitenote_note":"","_monsterinsights_sitenote_category":0},"product_brand":[],"product_cat":[1574,1586,1582],"product_tag":[1223,1250,1232,994],"brand":[],"target-group":[],"discontinued":[],"class_list":{"0":"post-1276386","1":"product","2":"type-product","3":"status-publish","4":"has-post-thumbnail","6":"product_cat-boerne-braetspil","7":"product_cat-party-spil","8":"product_cat-selskabsspil-voksenspil","9":"product_tag-aktive-da","10":"product_tag-faerdighed-da","11":"product_tag-kombinere-da","12":"product_tag-sammen","14":"first","15":"instock","16":"taxable","17":"shipping-taxable","18":"product-type-simple"},"aioseo_notices":[],"_links":{"self":[{"href":"https:\/\/games.tactic.net\/da\/wp-json\/wp\/v2\/product\/1276386","targetHints":{"allow":["GET"]}}],"collection":[{"href":"https:\/\/games.tactic.net\/da\/wp-json\/wp\/v2\/product"}],"about":[{"href":"https:\/\/games.tactic.net\/da\/wp-json\/wp\/v2\/types\/product"}],"wp:featuredmedia":[{"embeddable":true,"href":"https:\/\/games.tactic.net\/da\/wp-json\/wp\/v2\/media\/1276372"}],"wp:attachment":[{"href":"https:\/\/games.tactic.net\/da\/wp-json\/wp\/v2\/media?parent=1276386"}],"wp:term":[{"taxonomy":"product_brand","embeddable":true,"href":"https:\/\/games.tactic.net\/da\/wp-json\/wp\/v2\/product_brand?post=1276386"},{"taxonomy":"product_cat","embeddable":true,"href":"https:\/\/games.tactic.net\/da\/wp-json\/wp\/v2\/product_cat?post=1276386"},{"taxonomy":"product_tag","embeddable":true,"href":"https:\/\/games.tactic.net\/da\/wp-json\/wp\/v2\/product_tag?post=1276386"},{"taxonomy":"brand","embeddable":true,"href":"https:\/\/games.tactic.net\/da\/wp-json\/wp\/v2\/brand?post=1276386"},{"taxonomy":"target-group","embeddable":true,"href":"https:\/\/games.tactic.net\/da\/wp-json\/wp\/v2\/target-group?post=1276386"},{"taxonomy":"discontinued","embeddable":true,"href":"https:\/\/games.tactic.net\/da\/wp-json\/wp\/v2\/discontinued?post=1276386"}],"curies":[{"name":"wp","href":"https:\/\/api.w.org\/{rel}","templated":true}]}}