{"id":1265709,"date":"2023-10-24T16:23:47","date_gmt":"2023-10-24T13:23:47","guid":{"rendered":"https:\/\/games.tactic.net\/tuote\/jungle-mates-leo-abe\/"},"modified":"2025-01-30T09:52:51","modified_gmt":"2025-01-30T07:52:51","slug":"jungle-mates-leo-abe","status":"archive","type":"product","link":"https:\/\/games.tactic.net\/da\/tuote\/jungle-mates-leo-abe\/","title":{"rendered":"Tactic Jungle Mates Leo abe"},"content":{"rendered":"<p>Leo Lemur er en aktiv og energisk ledsager lavet af genbrugsplast, hvilket g\u00f8r det til et milj\u00f8venligt valg. Denne lemur er designet til at modst\u00e5 alle former for eventyr. Dens bl\u00f8de og luftige pels og sjove udtryk g\u00f8r den til en god ledsager til leg og eventyr. Leo Lemur kan vaskes ved 40 grader, s\u00e5 det er nemt at holde det rent. Den livlige farve giver den et naturligt udseende og adskiller den fra andre bl\u00f8de leget\u00f8j. Denne lemur er en vidunderlig gave til et barn, der elsker eventyr og milj\u00f8venligt leget\u00f8j. Den er lavet i slidst\u00e6rkt materiale og t\u00e5ler al slags leg. Leo Lemur er en fremragende ledsager, der opmuntrer barnet til at bev\u00e6ge sig og v\u00e6re aktivt, samtidig med at det giver tryghed og komfort. Disse dejlige venner tilh\u00f8rer Save the Nature-serien og er Jungle Mates bl\u00f8de leget\u00f8j. De er nemme at have med og du kan s\u00e6tte dem fast p\u00e5 en rygs\u00e6k, til hinanden eller h\u00e6nge dem n\u00e6sten hvor som helst. Bl\u00f8dt leget\u00f8j lavet af 100% genbrugsmaterialer.<\/p>\n","protected":false},"excerpt":{"rendered":"<p>Jungle Mates &#8211; Leo Lemur 33 cm<\/p>\n","protected":false},"featured_media":0,"template":"","meta":{"content-type":"","_monsterinsights_skip_tracking":false,"_monsterinsights_sitenote_active":false,"_monsterinsights_sitenote_note":"","_monsterinsights_sitenote_category":0},"product_brand":[],"product_cat":[2202],"product_tag":[],"brand":[{"id":2203,"name":"Save the Nature","slug":"save-the-nature-4"}],"target-group":[],"discontinued":[],"class_list":{"0":"post-1265709","1":"product","2":"type-product","3":"status-archive","5":"product_cat-save-the-nature-legetoej","6":"brand-save-the-nature-4","8":"first","9":"outofstock","10":"taxable","11":"shipping-taxable","12":"product-type-simple"},"aioseo_notices":[],"_links":{"self":[{"href":"https:\/\/games.tactic.net\/da\/wp-json\/wp\/v2\/product\/1265709","targetHints":{"allow":["GET"]}}],"collection":[{"href":"https:\/\/games.tactic.net\/da\/wp-json\/wp\/v2\/product"}],"about":[{"href":"https:\/\/games.tactic.net\/da\/wp-json\/wp\/v2\/types\/product"}],"wp:attachment":[{"href":"https:\/\/games.tactic.net\/da\/wp-json\/wp\/v2\/media?parent=1265709"}],"wp:term":[{"taxonomy":"product_brand","embeddable":true,"href":"https:\/\/games.tactic.net\/da\/wp-json\/wp\/v2\/product_brand?post=1265709"},{"taxonomy":"product_cat","embeddable":true,"href":"https:\/\/games.tactic.net\/da\/wp-json\/wp\/v2\/product_cat?post=1265709"},{"taxonomy":"product_tag","embeddable":true,"href":"https:\/\/games.tactic.net\/da\/wp-json\/wp\/v2\/product_tag?post=1265709"},{"taxonomy":"brand","embeddable":true,"href":"https:\/\/games.tactic.net\/da\/wp-json\/wp\/v2\/brand?post=1265709"},{"taxonomy":"target-group","embeddable":true,"href":"https:\/\/games.tactic.net\/da\/wp-json\/wp\/v2\/target-group?post=1265709"},{"taxonomy":"discontinued","embeddable":true,"href":"https:\/\/games.tactic.net\/da\/wp-json\/wp\/v2\/discontinued?post=1265709"}],"curies":[{"name":"wp","href":"https:\/\/api.w.org\/{rel}","templated":true}]}}