{"id":1265693,"date":"2023-10-24T16:22:54","date_gmt":"2023-10-24T13:22:54","guid":{"rendered":"https:\/\/games.tactic.net\/tuote\/jungle-mates-hugo-abe\/"},"modified":"2025-01-30T09:50:14","modified_gmt":"2025-01-30T07:50:14","slug":"jungle-mates-hugo-abe","status":"archive","type":"product","link":"https:\/\/games.tactic.net\/da\/tuote\/jungle-mates-hugo-abe\/","title":{"rendered":"Tactic Jungle Mates Hugo abe"},"content":{"rendered":"<p>Hugo er en modig og eventyrlysten fyr, lavet af genbrugsplastik, hvilket g\u00f8r ham til et milj\u00f8venligt valg. Denne abe er designet til at modst\u00e5 alle former for eventyr og leg. Dens bl\u00f8de pels og muntre udtryk g\u00f8r den til en god ledsager udend\u00f8rs og indend\u00f8rs. Hugo kan vaskes ved 40 grader, s\u00e5 det er nemt at holde det rent. Den brune farve giver den et naturligt udseende og adskiller den fra andet bl\u00f8dt leget\u00f8j. Denne abe er en vidunderlig gave til et barn, der elsker eventyr og milj\u00f8venligt leget\u00f8j. Den er lavet i slidst\u00e6rkt materiale og t\u00e5ler al slags leg. Disse dejlige venner tilh\u00f8rer Save the Nature-serien og er Jungle Mates bl\u00f8de leget\u00f8j. De er nemme at have med og du kan s\u00e6tte dem fast p\u00e5 en rygs\u00e6k, til hinanden eller h\u00e6nge dem n\u00e6sten hvor som helst. Bl\u00f8dt leget\u00f8j lavet af 100% genbrugsmaterialer.<\/p>\n","protected":false},"excerpt":{"rendered":"<p>Jungle Mates &#8211;  Aben Hugo 33 cm<\/p>\n","protected":false},"featured_media":0,"template":"","meta":{"content-type":"","_monsterinsights_skip_tracking":false,"_monsterinsights_sitenote_active":false,"_monsterinsights_sitenote_note":"","_monsterinsights_sitenote_category":0},"product_brand":[],"product_cat":[2202],"product_tag":[994],"brand":[{"id":2203,"name":"Save the Nature","slug":"save-the-nature-4"}],"target-group":[],"discontinued":[],"class_list":{"0":"post-1265693","1":"product","2":"type-product","3":"status-archive","5":"product_cat-save-the-nature-legetoej","6":"product_tag-sammen","7":"brand-save-the-nature-4","9":"first","10":"outofstock","11":"taxable","12":"shipping-taxable","13":"product-type-simple"},"aioseo_notices":[],"_links":{"self":[{"href":"https:\/\/games.tactic.net\/da\/wp-json\/wp\/v2\/product\/1265693","targetHints":{"allow":["GET"]}}],"collection":[{"href":"https:\/\/games.tactic.net\/da\/wp-json\/wp\/v2\/product"}],"about":[{"href":"https:\/\/games.tactic.net\/da\/wp-json\/wp\/v2\/types\/product"}],"wp:attachment":[{"href":"https:\/\/games.tactic.net\/da\/wp-json\/wp\/v2\/media?parent=1265693"}],"wp:term":[{"taxonomy":"product_brand","embeddable":true,"href":"https:\/\/games.tactic.net\/da\/wp-json\/wp\/v2\/product_brand?post=1265693"},{"taxonomy":"product_cat","embeddable":true,"href":"https:\/\/games.tactic.net\/da\/wp-json\/wp\/v2\/product_cat?post=1265693"},{"taxonomy":"product_tag","embeddable":true,"href":"https:\/\/games.tactic.net\/da\/wp-json\/wp\/v2\/product_tag?post=1265693"},{"taxonomy":"brand","embeddable":true,"href":"https:\/\/games.tactic.net\/da\/wp-json\/wp\/v2\/brand?post=1265693"},{"taxonomy":"target-group","embeddable":true,"href":"https:\/\/games.tactic.net\/da\/wp-json\/wp\/v2\/target-group?post=1265693"},{"taxonomy":"discontinued","embeddable":true,"href":"https:\/\/games.tactic.net\/da\/wp-json\/wp\/v2\/discontinued?post=1265693"}],"curies":[{"name":"wp","href":"https:\/\/api.w.org\/{rel}","templated":true}]}}