{"id":1265677,"date":"2023-10-24T16:19:01","date_gmt":"2023-10-24T13:19:01","guid":{"rendered":"https:\/\/games.tactic.net\/tuote\/jungle-mates-lila-abe\/"},"modified":"2023-10-24T16:19:01","modified_gmt":"2023-10-24T13:19:01","slug":"jungle-mates-lila-abe","status":"publish","type":"product","link":"https:\/\/games.tactic.net\/da\/tuote\/jungle-mates-lila-abe\/","title":{"rendered":"Tactic Jungle Mates Lila abe"},"content":{"rendered":"<p>Lila er en bl\u00f8d og s\u00f8d ledsager lavet af genbrugsplast, hvilket g\u00f8r det til et milj\u00f8venligt valg. Denne abe er designet til at give komfort og ro, n\u00e5r den holdes t\u00e6t. Dens bl\u00f8de pels og blide udtryk g\u00f8r den til en god sovekammerat eller blot en afslappende f\u00f8lgesvend efter en lang dag. Takket v\u00e6re sin smukke lilla farve skiller den sig ud fra andre t\u00f8jdyr og bringer gl\u00e6de og farve til rummet. Lila kan vaskes ved 40 grader, s\u00e5 det er nemt at holde det rent. Det er en vidunderlig gave til dem, der elsker bl\u00f8dt og milj\u00f8venligt leget\u00f8j. Disse dejlige venner tilh\u00f8rer Save the Nature-serien og er Jungle Mates bl\u00f8de leget\u00f8j. De er nemme at have med og du kan s\u00e6tte dem fast p\u00e5 en rygs\u00e6k, til hinanden eller h\u00e6nge dem n\u00e6sten hvor som helst. Bl\u00f8dt leget\u00f8j lavet af 100% genbrugsmaterialer.<\/p>\n","protected":false},"excerpt":{"rendered":"<p>Jungle Mates &#8211; Aben Lila 33 cm<\/p>\n","protected":false},"featured_media":0,"template":"","meta":{"content-type":"","_monsterinsights_skip_tracking":false,"_monsterinsights_sitenote_active":false,"_monsterinsights_sitenote_note":"","_monsterinsights_sitenote_category":0},"product_brand":[],"product_cat":[2202],"product_tag":[994],"brand":[{"id":2203,"name":"Save the Nature","slug":"save-the-nature-4"}],"target-group":[],"discontinued":[],"class_list":{"0":"post-1265677","1":"product","2":"type-product","3":"status-publish","5":"product_cat-save-the-nature-legetoej","6":"product_tag-sammen","7":"brand-save-the-nature-4","9":"first","10":"instock","11":"taxable","12":"shipping-taxable","13":"product-type-simple"},"aioseo_notices":[],"_links":{"self":[{"href":"https:\/\/games.tactic.net\/da\/wp-json\/wp\/v2\/product\/1265677","targetHints":{"allow":["GET"]}}],"collection":[{"href":"https:\/\/games.tactic.net\/da\/wp-json\/wp\/v2\/product"}],"about":[{"href":"https:\/\/games.tactic.net\/da\/wp-json\/wp\/v2\/types\/product"}],"wp:attachment":[{"href":"https:\/\/games.tactic.net\/da\/wp-json\/wp\/v2\/media?parent=1265677"}],"wp:term":[{"taxonomy":"product_brand","embeddable":true,"href":"https:\/\/games.tactic.net\/da\/wp-json\/wp\/v2\/product_brand?post=1265677"},{"taxonomy":"product_cat","embeddable":true,"href":"https:\/\/games.tactic.net\/da\/wp-json\/wp\/v2\/product_cat?post=1265677"},{"taxonomy":"product_tag","embeddable":true,"href":"https:\/\/games.tactic.net\/da\/wp-json\/wp\/v2\/product_tag?post=1265677"},{"taxonomy":"brand","embeddable":true,"href":"https:\/\/games.tactic.net\/da\/wp-json\/wp\/v2\/brand?post=1265677"},{"taxonomy":"target-group","embeddable":true,"href":"https:\/\/games.tactic.net\/da\/wp-json\/wp\/v2\/target-group?post=1265677"},{"taxonomy":"discontinued","embeddable":true,"href":"https:\/\/games.tactic.net\/da\/wp-json\/wp\/v2\/discontinued?post=1265677"}],"curies":[{"name":"wp","href":"https:\/\/api.w.org\/{rel}","templated":true}]}}