{"id":123896,"date":"2021-08-11T17:16:50","date_gmt":"2021-08-11T14:16:50","guid":{"rendered":"http:\/\/dev.tactic.net\/tuote\/banana-kick\/"},"modified":"2023-06-30T12:53:50","modified_gmt":"2023-06-30T09:53:50","slug":"banana-kick","status":"archive","type":"product","link":"https:\/\/games.tactic.net\/da\/tuote\/banana-kick\/","title":{"rendered":"Banana Kick"},"content":{"rendered":"<div>Lav en bane, del jer op i hold og pr\u00f8v at score s\u00e5 mange m\u00e5l som muligt. Spillet best\u00e5r af to halvlege, og holdet med flest m\u00e5l vinder. Men bananen flyver ikke altid i den forventede retning&#8230;<\/div>\n<div><\/div>\n<div>\u2022 Indeholder en stor bl\u00f8d bananbold.<\/div>\n<div>\u2022 Tydelige og enkle regler g\u00f8r spillet nemt at spille.<\/div>\n<div>\u2022 Perfekt udend\u00f8rsaktivitet i haven, parken eller hvor som helst.<\/div>\n","protected":false},"excerpt":{"rendered":"<div>Lav en bane, del jer op i hold og pr\u00f8v at score s\u00e5 mange m\u00e5l som muligt. Spillet best\u00e5r af to halvlege, og holdet med flest m\u00e5l vinder. Men bananen flyver ikke altid i den forventede retning&#8230;<\/div>\n","protected":false},"featured_media":0,"template":"","meta":{"content-type":"","_monsterinsights_skip_tracking":false,"_monsterinsights_sitenote_active":false,"_monsterinsights_sitenote_note":"","_monsterinsights_sitenote_category":0},"product_brand":[],"product_cat":[1636,2088],"product_tag":[1223,1250,1229],"brand":[],"target-group":[],"discontinued":[],"class_list":{"0":"post-123896","1":"product","2":"type-product","3":"status-archive","5":"product_cat-andre-udendoers-spil","6":"product_cat-outlet-4","7":"product_tag-aktive-da","8":"product_tag-faerdighed-da","9":"product_tag-hastighed-da","11":"first","12":"outofstock","13":"taxable","14":"shipping-taxable","15":"product-type-simple"},"aioseo_notices":[],"_links":{"self":[{"href":"https:\/\/games.tactic.net\/da\/wp-json\/wp\/v2\/product\/123896","targetHints":{"allow":["GET"]}}],"collection":[{"href":"https:\/\/games.tactic.net\/da\/wp-json\/wp\/v2\/product"}],"about":[{"href":"https:\/\/games.tactic.net\/da\/wp-json\/wp\/v2\/types\/product"}],"wp:attachment":[{"href":"https:\/\/games.tactic.net\/da\/wp-json\/wp\/v2\/media?parent=123896"}],"wp:term":[{"taxonomy":"product_brand","embeddable":true,"href":"https:\/\/games.tactic.net\/da\/wp-json\/wp\/v2\/product_brand?post=123896"},{"taxonomy":"product_cat","embeddable":true,"href":"https:\/\/games.tactic.net\/da\/wp-json\/wp\/v2\/product_cat?post=123896"},{"taxonomy":"product_tag","embeddable":true,"href":"https:\/\/games.tactic.net\/da\/wp-json\/wp\/v2\/product_tag?post=123896"},{"taxonomy":"brand","embeddable":true,"href":"https:\/\/games.tactic.net\/da\/wp-json\/wp\/v2\/brand?post=123896"},{"taxonomy":"target-group","embeddable":true,"href":"https:\/\/games.tactic.net\/da\/wp-json\/wp\/v2\/target-group?post=123896"},{"taxonomy":"discontinued","embeddable":true,"href":"https:\/\/games.tactic.net\/da\/wp-json\/wp\/v2\/discontinued?post=123896"}],"curies":[{"name":"wp","href":"https:\/\/api.w.org\/{rel}","templated":true}]}}