{"id":123881,"date":"2021-08-11T17:15:55","date_gmt":"2021-08-11T14:15:55","guid":{"rendered":"http:\/\/dev.tactic.net\/tuote\/kubb-i-traeaeske\/"},"modified":"2023-10-06T18:36:59","modified_gmt":"2023-10-06T15:36:59","slug":"kubb-i-traeaeske","status":"publish","type":"product","link":"https:\/\/games.tactic.net\/da\/tuote\/kubb-i-traeaeske\/","title":{"rendered":"Tactic Kubb i tr\u00e6kasse"},"content":{"rendered":"<p>Kubb er er popul\u00e6rt udend\u00f8rs spil, hvor man skal v\u00e6lte tr\u00e6kegler med kastepinde. V\u00e6lt de andre kegler inden kongekeglen, ellers vinder modstanderne.<\/p>\n","protected":false},"excerpt":{"rendered":"<p>Kubb er er popul\u00e6rt udend\u00f8rs spil, hvor man skal v\u00e6lte tr\u00e6kegler med kastepinde. V\u00e6lt de andre kegler inden kongekeglen, ellers vinder modstanderne.<\/p>\n","protected":false},"featured_media":0,"template":"","meta":{"content-type":"","_monsterinsights_skip_tracking":false,"_monsterinsights_sitenote_active":false,"_monsterinsights_sitenote_note":"","_monsterinsights_sitenote_category":0},"product_brand":[],"product_cat":[1636],"product_tag":[1223,1250],"brand":[],"target-group":[],"discontinued":[],"class_list":{"0":"post-123881","1":"product","2":"type-product","3":"status-publish","5":"product_cat-andre-udendoers-spil","6":"product_tag-aktive-da","7":"product_tag-faerdighed-da","9":"first","10":"instock","11":"taxable","12":"shipping-taxable","13":"product-type-simple"},"aioseo_notices":[],"_links":{"self":[{"href":"https:\/\/games.tactic.net\/da\/wp-json\/wp\/v2\/product\/123881","targetHints":{"allow":["GET"]}}],"collection":[{"href":"https:\/\/games.tactic.net\/da\/wp-json\/wp\/v2\/product"}],"about":[{"href":"https:\/\/games.tactic.net\/da\/wp-json\/wp\/v2\/types\/product"}],"wp:attachment":[{"href":"https:\/\/games.tactic.net\/da\/wp-json\/wp\/v2\/media?parent=123881"}],"wp:term":[{"taxonomy":"product_brand","embeddable":true,"href":"https:\/\/games.tactic.net\/da\/wp-json\/wp\/v2\/product_brand?post=123881"},{"taxonomy":"product_cat","embeddable":true,"href":"https:\/\/games.tactic.net\/da\/wp-json\/wp\/v2\/product_cat?post=123881"},{"taxonomy":"product_tag","embeddable":true,"href":"https:\/\/games.tactic.net\/da\/wp-json\/wp\/v2\/product_tag?post=123881"},{"taxonomy":"brand","embeddable":true,"href":"https:\/\/games.tactic.net\/da\/wp-json\/wp\/v2\/brand?post=123881"},{"taxonomy":"target-group","embeddable":true,"href":"https:\/\/games.tactic.net\/da\/wp-json\/wp\/v2\/target-group?post=123881"},{"taxonomy":"discontinued","embeddable":true,"href":"https:\/\/games.tactic.net\/da\/wp-json\/wp\/v2\/discontinued?post=123881"}],"curies":[{"name":"wp","href":"https:\/\/api.w.org\/{rel}","templated":true}]}}