{"id":123824,"date":"2021-08-11T17:15:08","date_gmt":"2021-08-11T14:15:08","guid":{"rendered":"http:\/\/dev.tactic.net\/tuote\/king-of-the-hill\/"},"modified":"2024-06-17T10:46:24","modified_gmt":"2024-06-17T07:46:24","slug":"king-of-the-hill","status":"archive","type":"product","link":"https:\/\/games.tactic.net\/da\/tuote\/king-of-the-hill\/","title":{"rendered":"Tactic King of the Hill outdoor game"},"content":{"rendered":"<p>Byg et stort slot, s\u00e6t kongen og hans kammerater ind i eller op p\u00e5 det, og start dit angreb! Du scorer point med gode kast, men kun hvis du sl\u00e5r kongen ud. Spilleren med de fleste point vinder! Dette havespil i tr\u00e6 er en god kamp p\u00e5 dygtighed og taktik!<\/p>\n","protected":false},"excerpt":{"rendered":"<p>Byg et stort slot, s\u00e6t kongen og hans kammerater ind i eller op p\u00e5 det, og start dit angreb! Du scorer point med gode kast, men kun hvis du sl\u00e5r kongen ud. Spilleren med de fleste point vinder! Dette havespil i tr\u00e6 er en god kamp p\u00e5 dygtighed og taktik!<\/p>\n","protected":false},"featured_media":0,"template":"","meta":{"content-type":"","_monsterinsights_skip_tracking":false,"_monsterinsights_sitenote_active":false,"_monsterinsights_sitenote_note":"","_monsterinsights_sitenote_category":0},"product_brand":[],"product_cat":[1636,2088],"product_tag":[1250,895],"brand":[],"target-group":[],"discontinued":[],"class_list":{"0":"post-123824","1":"product","2":"type-product","3":"status-archive","5":"product_cat-andre-udendoers-spil","6":"product_cat-outlet-4","7":"product_tag-faerdighed-da","8":"product_tag-taktik","10":"first","11":"outofstock","12":"sale","13":"taxable","14":"shipping-taxable","15":"product-type-simple"},"aioseo_notices":[],"_links":{"self":[{"href":"https:\/\/games.tactic.net\/da\/wp-json\/wp\/v2\/product\/123824","targetHints":{"allow":["GET"]}}],"collection":[{"href":"https:\/\/games.tactic.net\/da\/wp-json\/wp\/v2\/product"}],"about":[{"href":"https:\/\/games.tactic.net\/da\/wp-json\/wp\/v2\/types\/product"}],"wp:attachment":[{"href":"https:\/\/games.tactic.net\/da\/wp-json\/wp\/v2\/media?parent=123824"}],"wp:term":[{"taxonomy":"product_brand","embeddable":true,"href":"https:\/\/games.tactic.net\/da\/wp-json\/wp\/v2\/product_brand?post=123824"},{"taxonomy":"product_cat","embeddable":true,"href":"https:\/\/games.tactic.net\/da\/wp-json\/wp\/v2\/product_cat?post=123824"},{"taxonomy":"product_tag","embeddable":true,"href":"https:\/\/games.tactic.net\/da\/wp-json\/wp\/v2\/product_tag?post=123824"},{"taxonomy":"brand","embeddable":true,"href":"https:\/\/games.tactic.net\/da\/wp-json\/wp\/v2\/brand?post=123824"},{"taxonomy":"target-group","embeddable":true,"href":"https:\/\/games.tactic.net\/da\/wp-json\/wp\/v2\/target-group?post=123824"},{"taxonomy":"discontinued","embeddable":true,"href":"https:\/\/games.tactic.net\/da\/wp-json\/wp\/v2\/discontinued?post=123824"}],"curies":[{"name":"wp","href":"https:\/\/api.w.org\/{rel}","templated":true}]}}