{"id":123808,"date":"2021-08-11T17:13:49","date_gmt":"2021-08-11T14:13:49","guid":{"rendered":"http:\/\/dev.tactic.net\/tuote\/petanque-i-traeaeske\/"},"modified":"2023-09-27T20:33:06","modified_gmt":"2023-09-27T17:33:06","slug":"petanque-i-traeaeske","status":"publish","type":"product","link":"https:\/\/games.tactic.net\/da\/tuote\/petanque-i-traeaeske\/","title":{"rendered":"Petanque i tr\u00e6\u00e6ske"},"content":{"rendered":"<p>Petanque er et klassisk fransk udend\u00f8rsspil. Tag sigte, kast med pr\u00e6cision og pr\u00f8v at lande t\u00e6t p\u00e5 grisen.<\/p>\n","protected":false},"excerpt":{"rendered":"<p>Petanque er et klassisk fransk udend\u00f8rsspil. Tag sigte, kast med pr\u00e6cision og pr\u00f8v at lande t\u00e6t p\u00e5 grisen.<\/p>\n","protected":false},"featured_media":0,"template":"","meta":{"content-type":"","_monsterinsights_skip_tracking":false,"_monsterinsights_sitenote_active":false,"_monsterinsights_sitenote_note":"","_monsterinsights_sitenote_category":0},"product_brand":[],"product_cat":[1636],"product_tag":[1223,1250],"brand":[],"target-group":[],"discontinued":[],"class_list":{"0":"post-123808","1":"product","2":"type-product","3":"status-publish","5":"product_cat-andre-udendoers-spil","6":"product_tag-aktive-da","7":"product_tag-faerdighed-da","9":"first","10":"instock","11":"taxable","12":"shipping-taxable","13":"product-type-simple"},"aioseo_notices":[],"_links":{"self":[{"href":"https:\/\/games.tactic.net\/da\/wp-json\/wp\/v2\/product\/123808","targetHints":{"allow":["GET"]}}],"collection":[{"href":"https:\/\/games.tactic.net\/da\/wp-json\/wp\/v2\/product"}],"about":[{"href":"https:\/\/games.tactic.net\/da\/wp-json\/wp\/v2\/types\/product"}],"wp:attachment":[{"href":"https:\/\/games.tactic.net\/da\/wp-json\/wp\/v2\/media?parent=123808"}],"wp:term":[{"taxonomy":"product_brand","embeddable":true,"href":"https:\/\/games.tactic.net\/da\/wp-json\/wp\/v2\/product_brand?post=123808"},{"taxonomy":"product_cat","embeddable":true,"href":"https:\/\/games.tactic.net\/da\/wp-json\/wp\/v2\/product_cat?post=123808"},{"taxonomy":"product_tag","embeddable":true,"href":"https:\/\/games.tactic.net\/da\/wp-json\/wp\/v2\/product_tag?post=123808"},{"taxonomy":"brand","embeddable":true,"href":"https:\/\/games.tactic.net\/da\/wp-json\/wp\/v2\/brand?post=123808"},{"taxonomy":"target-group","embeddable":true,"href":"https:\/\/games.tactic.net\/da\/wp-json\/wp\/v2\/target-group?post=123808"},{"taxonomy":"discontinued","embeddable":true,"href":"https:\/\/games.tactic.net\/da\/wp-json\/wp\/v2\/discontinued?post=123808"}],"curies":[{"name":"wp","href":"https:\/\/api.w.org\/{rel}","templated":true}]}}