{"id":123693,"date":"2021-08-11T17:09:26","date_gmt":"2021-08-11T14:09:26","guid":{"rendered":"http:\/\/dev.tactic.net\/tuote\/active-play-xl-yatzy\/"},"modified":"2023-10-06T18:28:58","modified_gmt":"2023-10-06T15:28:58","slug":"active-play-xl-yatzy","status":"publish","type":"product","link":"https:\/\/games.tactic.net\/da\/tuote\/active-play-xl-yatzy\/","title":{"rendered":"Tactic XL Yatzy throwing game"},"content":{"rendered":"<p>Kast de store tr\u00e6terninger og pr\u00f8v at f\u00e5 alle kombinationerne p\u00e5 pointblokken. Spilleren med flest point vinder.<\/p>\n","protected":false},"excerpt":{"rendered":"<p>Kast de store tr\u00e6terninger og pr\u00f8v at f\u00e5 alle kombinationerne p\u00e5 pointblokken. Spilleren med flest point vinder.<\/p>\n","protected":false},"featured_media":0,"template":"","meta":{"content-type":"","_monsterinsights_skip_tracking":false,"_monsterinsights_sitenote_active":false,"_monsterinsights_sitenote_note":"","_monsterinsights_sitenote_category":0},"product_brand":[],"product_cat":[1627,1628],"product_tag":[1241,1232],"brand":[],"target-group":[],"discontinued":[],"class_list":{"0":"post-123693","1":"product","2":"type-product","3":"status-publish","5":"product_cat-active-play-udendoers-spil","6":"product_cat-active-play-bornespil","7":"product_tag-beregning-da","8":"product_tag-kombinere-da","10":"first","11":"instock","12":"taxable","13":"shipping-taxable","14":"product-type-simple"},"aioseo_notices":[],"_links":{"self":[{"href":"https:\/\/games.tactic.net\/da\/wp-json\/wp\/v2\/product\/123693","targetHints":{"allow":["GET"]}}],"collection":[{"href":"https:\/\/games.tactic.net\/da\/wp-json\/wp\/v2\/product"}],"about":[{"href":"https:\/\/games.tactic.net\/da\/wp-json\/wp\/v2\/types\/product"}],"wp:attachment":[{"href":"https:\/\/games.tactic.net\/da\/wp-json\/wp\/v2\/media?parent=123693"}],"wp:term":[{"taxonomy":"product_brand","embeddable":true,"href":"https:\/\/games.tactic.net\/da\/wp-json\/wp\/v2\/product_brand?post=123693"},{"taxonomy":"product_cat","embeddable":true,"href":"https:\/\/games.tactic.net\/da\/wp-json\/wp\/v2\/product_cat?post=123693"},{"taxonomy":"product_tag","embeddable":true,"href":"https:\/\/games.tactic.net\/da\/wp-json\/wp\/v2\/product_tag?post=123693"},{"taxonomy":"brand","embeddable":true,"href":"https:\/\/games.tactic.net\/da\/wp-json\/wp\/v2\/brand?post=123693"},{"taxonomy":"target-group","embeddable":true,"href":"https:\/\/games.tactic.net\/da\/wp-json\/wp\/v2\/target-group?post=123693"},{"taxonomy":"discontinued","embeddable":true,"href":"https:\/\/games.tactic.net\/da\/wp-json\/wp\/v2\/discontinued?post=123693"}],"curies":[{"name":"wp","href":"https:\/\/api.w.org\/{rel}","templated":true}]}}