{"id":123636,"date":"2021-08-11T17:06:39","date_gmt":"2021-08-11T14:06:39","guid":{"rendered":"http:\/\/dev.tactic.net\/tuote\/active-play-krocket-dyr\/"},"modified":"2025-03-03T10:00:40","modified_gmt":"2025-03-03T08:00:40","slug":"active-play-krocket-dyr","status":"archive","type":"product","link":"https:\/\/games.tactic.net\/da\/tuote\/active-play-krocket-dyr\/","title":{"rendered":"Tactic Active Play Krocket, dyr"},"content":{"rendered":"<p>Dette morsomme traditionelle spil kan spilles b\u00e5de inden- og udend\u00f8rs. Stil dyrebuerne p\u00e5 gr\u00e6sset eller p\u00e5 gulvet og pr\u00f8v at sl\u00e5 tr\u00e6bolde gennem dem med en k\u00f8lle.<\/p>\n","protected":false},"excerpt":{"rendered":"<p>Dette morsomme traditionelle spil kan spilles b\u00e5de inden- og udend\u00f8rs. Stil dyrebuerne p\u00e5 gr\u00e6sset eller p\u00e5 gulvet og pr\u00f8v at sl\u00e5 tr\u00e6bolde gennem dem med en k\u00f8lle.<\/p>\n","protected":false},"featured_media":0,"template":"","meta":{"content-type":"","_monsterinsights_skip_tracking":false,"_monsterinsights_sitenote_active":false,"_monsterinsights_sitenote_note":"","_monsterinsights_sitenote_category":0},"product_brand":[],"product_cat":[1628,1627],"product_tag":[1250],"brand":[],"target-group":[],"discontinued":[],"class_list":{"0":"post-123636","1":"product","2":"type-product","3":"status-archive","5":"product_cat-active-play-bornespil","6":"product_cat-active-play-udendoers-spil","7":"product_tag-faerdighed-da","9":"first","10":"outofstock","11":"taxable","12":"shipping-taxable","13":"product-type-simple"},"aioseo_notices":[],"_links":{"self":[{"href":"https:\/\/games.tactic.net\/da\/wp-json\/wp\/v2\/product\/123636","targetHints":{"allow":["GET"]}}],"collection":[{"href":"https:\/\/games.tactic.net\/da\/wp-json\/wp\/v2\/product"}],"about":[{"href":"https:\/\/games.tactic.net\/da\/wp-json\/wp\/v2\/types\/product"}],"wp:attachment":[{"href":"https:\/\/games.tactic.net\/da\/wp-json\/wp\/v2\/media?parent=123636"}],"wp:term":[{"taxonomy":"product_brand","embeddable":true,"href":"https:\/\/games.tactic.net\/da\/wp-json\/wp\/v2\/product_brand?post=123636"},{"taxonomy":"product_cat","embeddable":true,"href":"https:\/\/games.tactic.net\/da\/wp-json\/wp\/v2\/product_cat?post=123636"},{"taxonomy":"product_tag","embeddable":true,"href":"https:\/\/games.tactic.net\/da\/wp-json\/wp\/v2\/product_tag?post=123636"},{"taxonomy":"brand","embeddable":true,"href":"https:\/\/games.tactic.net\/da\/wp-json\/wp\/v2\/brand?post=123636"},{"taxonomy":"target-group","embeddable":true,"href":"https:\/\/games.tactic.net\/da\/wp-json\/wp\/v2\/target-group?post=123636"},{"taxonomy":"discontinued","embeddable":true,"href":"https:\/\/games.tactic.net\/da\/wp-json\/wp\/v2\/discontinued?post=123636"}],"curies":[{"name":"wp","href":"https:\/\/api.w.org\/{rel}","templated":true}]}}