{"id":123550,"date":"2021-08-11T17:01:58","date_gmt":"2021-08-11T14:01:58","guid":{"rendered":"http:\/\/dev.tactic.net\/tuote\/active-play-fodboldkroket\/"},"modified":"2025-04-17T11:20:12","modified_gmt":"2025-04-17T08:20:12","slug":"active-play-fodboldkroket","status":"archive","type":"product","link":"https:\/\/games.tactic.net\/da\/tuote\/active-play-fodboldkroket\/","title":{"rendered":"Tactic Active Play Fodboldkroket"},"content":{"rendered":"<p>Det klassiske kroketspil har f\u00e5et en hurtig konkurrent \u2013 nemlig fodboldkroket. Pr\u00f8v at sparke din bold gennem buerne f\u00f8rst, men hold \u00f8je med de andre spillere.<\/p>\n","protected":false},"excerpt":{"rendered":"<p>Det klassiske kroketspil har f\u00e5et en hurtig konkurrent \u2013 nemlig fodboldkroket. Pr\u00f8v at sparke din bold gennem buerne f\u00f8rst, men hold \u00f8je med de andre spillere.<\/p>\n","protected":false},"featured_media":0,"template":"","meta":{"content-type":"","_monsterinsights_skip_tracking":false,"_monsterinsights_sitenote_active":false,"_monsterinsights_sitenote_note":"","_monsterinsights_sitenote_category":0},"product_brand":[],"product_cat":[1627,1628],"product_tag":[312,382],"brand":[],"target-group":[],"discontinued":[],"class_list":{"0":"post-123550","1":"product","2":"type-product","3":"status-archive","5":"product_cat-active-play-udendoers-spil","6":"product_cat-active-play-bornespil","7":"product_tag-aktive","8":"product_tag-faerdighed","10":"first","11":"outofstock","12":"taxable","13":"shipping-taxable","14":"product-type-simple"},"aioseo_notices":[],"_links":{"self":[{"href":"https:\/\/games.tactic.net\/da\/wp-json\/wp\/v2\/product\/123550","targetHints":{"allow":["GET"]}}],"collection":[{"href":"https:\/\/games.tactic.net\/da\/wp-json\/wp\/v2\/product"}],"about":[{"href":"https:\/\/games.tactic.net\/da\/wp-json\/wp\/v2\/types\/product"}],"wp:attachment":[{"href":"https:\/\/games.tactic.net\/da\/wp-json\/wp\/v2\/media?parent=123550"}],"wp:term":[{"taxonomy":"product_brand","embeddable":true,"href":"https:\/\/games.tactic.net\/da\/wp-json\/wp\/v2\/product_brand?post=123550"},{"taxonomy":"product_cat","embeddable":true,"href":"https:\/\/games.tactic.net\/da\/wp-json\/wp\/v2\/product_cat?post=123550"},{"taxonomy":"product_tag","embeddable":true,"href":"https:\/\/games.tactic.net\/da\/wp-json\/wp\/v2\/product_tag?post=123550"},{"taxonomy":"brand","embeddable":true,"href":"https:\/\/games.tactic.net\/da\/wp-json\/wp\/v2\/brand?post=123550"},{"taxonomy":"target-group","embeddable":true,"href":"https:\/\/games.tactic.net\/da\/wp-json\/wp\/v2\/target-group?post=123550"},{"taxonomy":"discontinued","embeddable":true,"href":"https:\/\/games.tactic.net\/da\/wp-json\/wp\/v2\/discontinued?post=123550"}],"curies":[{"name":"wp","href":"https:\/\/api.w.org\/{rel}","templated":true}]}}