{"id":123478,"date":"2021-08-11T16:58:40","date_gmt":"2021-08-11T13:58:40","guid":{"rendered":"http:\/\/dev.tactic.net\/tuote\/kendama\/"},"modified":"2023-09-27T20:43:32","modified_gmt":"2023-09-27T17:43:32","slug":"kendama","status":"publish","type":"product","link":"https:\/\/games.tactic.net\/da\/tuote\/kendama\/","title":{"rendered":"Tactic Active Play Kendama"},"content":{"rendered":"<p>Har du pr\u00f8vet Kendama f\u00f8r? Denne originale japanske sensation er en herlig udfordring, og du kan l\u00e6re alle mulige nye tricks. L\u00e6r dem alle og imponer dine venner!<\/p>\n","protected":false},"excerpt":{"rendered":"<p>Har du pr\u00f8vet Kendama f\u00f8r? Denne originale japanske sensation er en herlig udfordring, og du kan l\u00e6re alle mulige nye tricks. L\u00e6r dem alle og imponer dine venner!<\/p>\n","protected":false},"featured_media":0,"template":"","meta":{"content-type":"","_monsterinsights_skip_tracking":false,"_monsterinsights_sitenote_active":false,"_monsterinsights_sitenote_note":"","_monsterinsights_sitenote_category":0},"product_brand":[],"product_cat":[1627,1628],"product_tag":[1223,1250,969],"brand":[],"target-group":[],"discontinued":[],"class_list":{"0":"post-123478","1":"product","2":"type-product","3":"status-publish","5":"product_cat-active-play-udendoers-spil","6":"product_cat-active-play-bornespil","7":"product_tag-aktive-da","8":"product_tag-faerdighed-da","9":"product_tag-tidsfordriv-2","11":"first","12":"instock","13":"taxable","14":"shipping-taxable","15":"product-type-simple"},"aioseo_notices":[],"_links":{"self":[{"href":"https:\/\/games.tactic.net\/da\/wp-json\/wp\/v2\/product\/123478","targetHints":{"allow":["GET"]}}],"collection":[{"href":"https:\/\/games.tactic.net\/da\/wp-json\/wp\/v2\/product"}],"about":[{"href":"https:\/\/games.tactic.net\/da\/wp-json\/wp\/v2\/types\/product"}],"wp:attachment":[{"href":"https:\/\/games.tactic.net\/da\/wp-json\/wp\/v2\/media?parent=123478"}],"wp:term":[{"taxonomy":"product_brand","embeddable":true,"href":"https:\/\/games.tactic.net\/da\/wp-json\/wp\/v2\/product_brand?post=123478"},{"taxonomy":"product_cat","embeddable":true,"href":"https:\/\/games.tactic.net\/da\/wp-json\/wp\/v2\/product_cat?post=123478"},{"taxonomy":"product_tag","embeddable":true,"href":"https:\/\/games.tactic.net\/da\/wp-json\/wp\/v2\/product_tag?post=123478"},{"taxonomy":"brand","embeddable":true,"href":"https:\/\/games.tactic.net\/da\/wp-json\/wp\/v2\/brand?post=123478"},{"taxonomy":"target-group","embeddable":true,"href":"https:\/\/games.tactic.net\/da\/wp-json\/wp\/v2\/target-group?post=123478"},{"taxonomy":"discontinued","embeddable":true,"href":"https:\/\/games.tactic.net\/da\/wp-json\/wp\/v2\/discontinued?post=123478"}],"curies":[{"name":"wp","href":"https:\/\/api.w.org\/{rel}","templated":true}]}}