{"id":123434,"date":"2021-08-11T16:55:31","date_gmt":"2021-08-11T13:55:31","guid":{"rendered":"http:\/\/dev.tactic.net\/tuote\/soft-bowling\/"},"modified":"2023-04-17T09:50:15","modified_gmt":"2023-04-17T06:50:15","slug":"soft-bowling","status":"archive","type":"product","link":"https:\/\/games.tactic.net\/da\/tuote\/soft-bowling\/","title":{"rendered":"Soft bowling"},"content":{"rendered":"<p>Kan du ramme keglerne, eller ruller bolden altid den forkerte vej? Stil de bl\u00f8de kegler op og pr\u00f8v at ramme dem med din bold. Dette bl\u00f8de bowlings\u00e6t er en herlig m\u00e5de at aktivere b\u00f8rnene p\u00e5.<\/p>\n","protected":false},"excerpt":{"rendered":"<p>Kan du ramme keglerne, eller ruller bolden altid den forkerte vej? Stil de bl\u00f8de kegler op og pr\u00f8v at ramme dem med din bold. Dette bl\u00f8de bowlings\u00e6t er en herlig m\u00e5de at aktivere b\u00f8rnene p\u00e5.<\/p>\n","protected":false},"featured_media":0,"template":"","meta":{"content-type":"","_monsterinsights_skip_tracking":false,"_monsterinsights_sitenote_active":false,"_monsterinsights_sitenote_note":"","_monsterinsights_sitenote_category":0},"product_brand":[],"product_cat":[1630,1629],"product_tag":[1223,1250],"brand":[],"target-group":[],"discontinued":[],"class_list":{"0":"post-123434","1":"product","2":"type-product","3":"status-archive","5":"product_cat-soft-active-play-bornespil","6":"product_cat-soft-active-play-udendoers-spil","7":"product_tag-aktive-da","8":"product_tag-faerdighed-da","10":"first","11":"outofstock","12":"taxable","13":"shipping-taxable","14":"product-type-simple"},"aioseo_notices":[],"_links":{"self":[{"href":"https:\/\/games.tactic.net\/da\/wp-json\/wp\/v2\/product\/123434","targetHints":{"allow":["GET"]}}],"collection":[{"href":"https:\/\/games.tactic.net\/da\/wp-json\/wp\/v2\/product"}],"about":[{"href":"https:\/\/games.tactic.net\/da\/wp-json\/wp\/v2\/types\/product"}],"wp:attachment":[{"href":"https:\/\/games.tactic.net\/da\/wp-json\/wp\/v2\/media?parent=123434"}],"wp:term":[{"taxonomy":"product_brand","embeddable":true,"href":"https:\/\/games.tactic.net\/da\/wp-json\/wp\/v2\/product_brand?post=123434"},{"taxonomy":"product_cat","embeddable":true,"href":"https:\/\/games.tactic.net\/da\/wp-json\/wp\/v2\/product_cat?post=123434"},{"taxonomy":"product_tag","embeddable":true,"href":"https:\/\/games.tactic.net\/da\/wp-json\/wp\/v2\/product_tag?post=123434"},{"taxonomy":"brand","embeddable":true,"href":"https:\/\/games.tactic.net\/da\/wp-json\/wp\/v2\/brand?post=123434"},{"taxonomy":"target-group","embeddable":true,"href":"https:\/\/games.tactic.net\/da\/wp-json\/wp\/v2\/target-group?post=123434"},{"taxonomy":"discontinued","embeddable":true,"href":"https:\/\/games.tactic.net\/da\/wp-json\/wp\/v2\/discontinued?post=123434"}],"curies":[{"name":"wp","href":"https:\/\/api.w.org\/{rel}","templated":true}]}}