{"id":123362,"date":"2021-08-11T16:54:00","date_gmt":"2021-08-11T13:54:00","guid":{"rendered":"http:\/\/dev.tactic.net\/tuote\/soft-daasespil\/"},"modified":"2024-07-08T13:12:20","modified_gmt":"2024-07-08T10:12:20","slug":"soft-daasespil","status":"archive","type":"product","link":"https:\/\/games.tactic.net\/da\/tuote\/soft-daasespil\/","title":{"rendered":"Tactic Active Play Soft d\u00e5sespil"},"content":{"rendered":"<p>Stil d\u00e5serne op som et t\u00e5rn eller ved siden af hinanden og kast derefter bolden. De bl\u00f8de d\u00e5ser og bolden bevirker, at du kan \u00f8ve dig i at sigte og tr\u00e6ne kast p\u00e5 en sikker m\u00e5de.<\/p>\n","protected":false},"excerpt":{"rendered":"<p>Stil d\u00e5serne op som et t\u00e5rn eller ved siden af hinanden og kast derefter bolden. De bl\u00f8de d\u00e5ser og bolden bevirker, at du kan \u00f8ve dig i at sigte og tr\u00e6ne kast p\u00e5 en sikker m\u00e5de.<\/p>\n","protected":false},"featured_media":0,"template":"","meta":{"content-type":"","_monsterinsights_skip_tracking":false,"_monsterinsights_sitenote_active":false,"_monsterinsights_sitenote_note":"","_monsterinsights_sitenote_category":0},"product_brand":[],"product_cat":[1627,1630],"product_tag":[1223,1250,969],"brand":[],"target-group":[],"discontinued":[],"class_list":{"0":"post-123362","1":"product","2":"type-product","3":"status-archive","5":"product_cat-active-play-udendoers-spil","6":"product_cat-soft-active-play-bornespil","7":"product_tag-aktive-da","8":"product_tag-faerdighed-da","9":"product_tag-tidsfordriv-2","11":"first","12":"outofstock","13":"taxable","14":"shipping-taxable","15":"product-type-simple"},"aioseo_notices":[],"_links":{"self":[{"href":"https:\/\/games.tactic.net\/da\/wp-json\/wp\/v2\/product\/123362","targetHints":{"allow":["GET"]}}],"collection":[{"href":"https:\/\/games.tactic.net\/da\/wp-json\/wp\/v2\/product"}],"about":[{"href":"https:\/\/games.tactic.net\/da\/wp-json\/wp\/v2\/types\/product"}],"wp:attachment":[{"href":"https:\/\/games.tactic.net\/da\/wp-json\/wp\/v2\/media?parent=123362"}],"wp:term":[{"taxonomy":"product_brand","embeddable":true,"href":"https:\/\/games.tactic.net\/da\/wp-json\/wp\/v2\/product_brand?post=123362"},{"taxonomy":"product_cat","embeddable":true,"href":"https:\/\/games.tactic.net\/da\/wp-json\/wp\/v2\/product_cat?post=123362"},{"taxonomy":"product_tag","embeddable":true,"href":"https:\/\/games.tactic.net\/da\/wp-json\/wp\/v2\/product_tag?post=123362"},{"taxonomy":"brand","embeddable":true,"href":"https:\/\/games.tactic.net\/da\/wp-json\/wp\/v2\/brand?post=123362"},{"taxonomy":"target-group","embeddable":true,"href":"https:\/\/games.tactic.net\/da\/wp-json\/wp\/v2\/target-group?post=123362"},{"taxonomy":"discontinued","embeddable":true,"href":"https:\/\/games.tactic.net\/da\/wp-json\/wp\/v2\/discontinued?post=123362"}],"curies":[{"name":"wp","href":"https:\/\/api.w.org\/{rel}","templated":true}]}}