{"id":123319,"date":"2021-08-11T16:52:17","date_gmt":"2021-08-11T13:52:17","guid":{"rendered":"http:\/\/dev.tactic.net\/tuote\/soft-kroketspil\/"},"modified":"2024-06-24T09:02:29","modified_gmt":"2024-06-24T06:02:29","slug":"soft-kroketspil","status":"archive","type":"product","link":"https:\/\/games.tactic.net\/da\/tuote\/soft-kroketspil\/","title":{"rendered":"Tactic Active Play Soft kroketspil"},"content":{"rendered":"<p>Dette klassiske spil h\u00f8rer hjemme i enhver have \u2013 og nu ogs\u00e5 i stuerne! De bl\u00f8de spildele er nemme at stille op, og spillet er let at l\u00e6re, selv for de yngste spillere.<\/p>\n","protected":false},"excerpt":{"rendered":"<p>Dette klassiske spil h\u00f8rer hjemme i enhver have \u2013 og nu ogs\u00e5 i stuerne! De bl\u00f8de spildele er nemme at stille op, og spillet er let at l\u00e6re, selv for de yngste spillere.<\/p>\n","protected":false},"featured_media":0,"template":"","meta":{"content-type":"","_monsterinsights_skip_tracking":false,"_monsterinsights_sitenote_active":false,"_monsterinsights_sitenote_note":"","_monsterinsights_sitenote_category":0},"product_brand":[],"product_cat":[1627,1630],"product_tag":[1223,1250],"brand":[],"target-group":[],"discontinued":[],"class_list":{"0":"post-123319","1":"product","2":"type-product","3":"status-archive","5":"product_cat-active-play-udendoers-spil","6":"product_cat-soft-active-play-bornespil","7":"product_tag-aktive-da","8":"product_tag-faerdighed-da","10":"first","11":"outofstock","12":"taxable","13":"shipping-taxable","14":"product-type-simple"},"aioseo_notices":[],"_links":{"self":[{"href":"https:\/\/games.tactic.net\/da\/wp-json\/wp\/v2\/product\/123319","targetHints":{"allow":["GET"]}}],"collection":[{"href":"https:\/\/games.tactic.net\/da\/wp-json\/wp\/v2\/product"}],"about":[{"href":"https:\/\/games.tactic.net\/da\/wp-json\/wp\/v2\/types\/product"}],"wp:attachment":[{"href":"https:\/\/games.tactic.net\/da\/wp-json\/wp\/v2\/media?parent=123319"}],"wp:term":[{"taxonomy":"product_brand","embeddable":true,"href":"https:\/\/games.tactic.net\/da\/wp-json\/wp\/v2\/product_brand?post=123319"},{"taxonomy":"product_cat","embeddable":true,"href":"https:\/\/games.tactic.net\/da\/wp-json\/wp\/v2\/product_cat?post=123319"},{"taxonomy":"product_tag","embeddable":true,"href":"https:\/\/games.tactic.net\/da\/wp-json\/wp\/v2\/product_tag?post=123319"},{"taxonomy":"brand","embeddable":true,"href":"https:\/\/games.tactic.net\/da\/wp-json\/wp\/v2\/brand?post=123319"},{"taxonomy":"target-group","embeddable":true,"href":"https:\/\/games.tactic.net\/da\/wp-json\/wp\/v2\/target-group?post=123319"},{"taxonomy":"discontinued","embeddable":true,"href":"https:\/\/games.tactic.net\/da\/wp-json\/wp\/v2\/discontinued?post=123319"}],"curies":[{"name":"wp","href":"https:\/\/api.w.org\/{rel}","templated":true}]}}